{"id":790,"date":"2022-02-19T10:21:43","date_gmt":"2022-02-19T10:21:43","guid":{"rendered":"https:\/\/www.sajoecseg.hu\/kozseg\/?page_id=790"},"modified":"2022-02-19T10:22:06","modified_gmt":"2022-02-19T10:22:06","slug":"790-2","status":"publish","type":"page","link":"https:\/\/www.sajoecseg.hu\/kozseg\/790-2\/","title":{"rendered":"Esem\u00e9ny napt\u00e1r"},"content":{"rendered":"<p>[et_pb_section fb_built=&#8221;1&#8243; theme_builder_area=&#8221;post_content&#8221; _builder_version=&#8221;4.14.7&#8243; _module_preset=&#8221;default&#8221;][et_pb_row _builder_version=&#8221;4.14.7&#8243; _module_preset=&#8221;default&#8221; theme_builder_area=&#8221;post_content&#8221;][et_pb_column _builder_version=&#8221;4.14.7&#8243; _module_preset=&#8221;default&#8221; type=&#8221;4_4&#8243; theme_builder_area=&#8221;post_content&#8221;][et_pb_code _builder_version=&#8221;4.14.7&#8243; _module_preset=&#8221;default&#8221; theme_builder_area=&#8221;post_content&#8221; hover_enabled=&#8221;0&#8243; sticky_enabled=&#8221;0&#8243;]<div id=\"mec_skin_788\" class=\"mec-wrap   \">\r\n\r\n    \r\n    <div class=\"mec-calendar mec-box-calendar mec-event-calendar-classic mec-event-container-novel\">\r\n                <div class=\"mec-calendar-side mec-clear\">\r\n                        <div class=\"mec-skin-monthly-view-month-navigator-container\">\r\n                <div class=\"mec-month-navigator\" id=\"mec_month_navigator_788_202605\"><div class=\"mec-previous-month mec-load-month mec-previous-month\" data-mec-year=\"2026\" data-mec-month=\"04\"><a href=\"#\" class=\"mec-load-month-link\"><i class=\"mec-sl-angle-left\"><\/i> \u00e1prilis<\/a><\/div><div class=\"mec-calendar-header\"><h2>m\u00e1jus 2026<\/h2><\/div><div class=\"mec-next-month mec-load-month mec-next-month\" data-mec-year=\"2026\" data-mec-month=\"06\"><a href=\"#\" class=\"mec-load-month-link\">j\u00fanius <i class=\"mec-sl-angle-right\"><\/i><\/a><\/div><\/div>\r\n            <\/div>\r\n            \r\n            <div class=\"mec-calendar-table\" id=\"mec_skin_events_788\">\r\n                <div class=\"mec-month-container mec-month-container-selected\" id=\"mec_monthly_view_month_788_202605\" data-month-id=\"202605\"><dl class=\"mec-calendar-table-head\"><dt class=\"mec-calendar-day-head\">MO<\/dt><dt class=\"mec-calendar-day-head\">TU<\/dt><dt class=\"mec-calendar-day-head\">WE<\/dt><dt class=\"mec-calendar-day-head\">TH<\/dt><dt class=\"mec-calendar-day-head\">FR<\/dt><dt class=\"mec-calendar-day-head\">SA<\/dt><dt class=\"mec-calendar-day-head\">SU<\/dt><\/dl><dl class=\"mec-calendar-row\">\r\n    <dt class=\"mec-table-nullday\">27<\/dt><dt class=\"mec-table-nullday\">28<\/dt><dt class=\"mec-table-nullday\">29<\/dt><dt class=\"mec-table-nullday\">30<\/dt><dt class=\"mec-calendar-day \" data-mec-cell=\"20260501\" data-day=\"1\" data-month=\"202605\">1<\/dt><\/dt><dt class=\"mec-calendar-day \" data-mec-cell=\"20260502\" data-day=\"2\" data-month=\"202605\">2<\/dt><\/dt><dt class=\"mec-calendar-day \" data-mec-cell=\"20260503\" data-day=\"3\" data-month=\"202605\">3<\/dt><\/dt><\/dl><dl class=\"mec-calendar-row\"><dt class=\"mec-calendar-day \" data-mec-cell=\"20260504\" data-day=\"4\" data-month=\"202605\"><div class=\"mec-calendar-novel-selected-day \">4<\/div><a class=\"mec-past-event event-single-link-novel\" data-event-id=\"2257\" href=\"https:\/\/www.sajoecseg.hu\/kozseg\/events\/kommunialis-hulladekszallitas-807-196-758\/\" ><div style=\"background:#eeee22\" class=\"mec-single-event-novel mec-event-article \"><h4 class=\"mec-event-title\">Szelekt\u00edv hullad\u00e9ksz\u00e1ll\u00edt\u00e1s<\/h4><\/div><\/a><a class=\"mec-past-event event-single-link-novel\" data-event-id=\"2251\" href=\"https:\/\/www.sajoecseg.hu\/kozseg\/events\/kommunialis-hulladekszallitas\/\" ><div style=\"background:#00a0d2\" class=\"mec-single-event-novel mec-event-article \"><h4 class=\"mec-event-title\">Kommuni\u00e1lis hullad\u00e9ksz\u00e1ll\u00edt\u00e1s<\/h4><\/div><\/a><\/dt><dt class=\"mec-calendar-day \" data-mec-cell=\"20260505\" data-day=\"5\" data-month=\"202605\"><div class=\"mec-calendar-novel-selected-day \">5<\/div><a class=\"mec-past-event event-single-link-novel\" data-event-id=\"2253\" href=\"https:\/\/www.sajoecseg.hu\/kozseg\/events\/kommunialis-hulladekszallitas-807\/\" ><div style=\"background:#3ae800\" class=\"mec-single-event-novel mec-event-article \"><h4 class=\"mec-event-title\">Z\u00f6ld hullad\u00e9ksz\u00e1ll\u00edt\u00e1s<\/h4><\/div><\/a><\/dt><dt class=\"mec-calendar-day \" data-mec-cell=\"20260506\" data-day=\"6\" data-month=\"202605\">6<\/dt><\/dt><dt class=\"mec-calendar-day \" data-mec-cell=\"20260507\" data-day=\"7\" data-month=\"202605\">7<\/dt><\/dt><dt class=\"mec-calendar-day \" data-mec-cell=\"20260508\" data-day=\"8\" data-month=\"202605\">8<\/dt><\/dt><dt class=\"mec-calendar-day \" data-mec-cell=\"20260509\" data-day=\"9\" data-month=\"202605\">9<\/dt><\/dt><dt class=\"mec-calendar-day \" data-mec-cell=\"20260510\" data-day=\"10\" data-month=\"202605\">10<\/dt><\/dt><\/dl><dl class=\"mec-calendar-row\"><dt class=\"mec-calendar-day \" data-mec-cell=\"20260511\" data-day=\"11\" data-month=\"202605\"><div class=\"mec-calendar-novel-selected-day \">11<\/div><a class=\"mec-past-event event-single-link-novel\" data-event-id=\"2251\" href=\"https:\/\/www.sajoecseg.hu\/kozseg\/events\/kommunialis-hulladekszallitas\/\" ><div style=\"background:#00a0d2\" class=\"mec-single-event-novel mec-event-article \"><h4 class=\"mec-event-title\">Kommuni\u00e1lis hullad\u00e9ksz\u00e1ll\u00edt\u00e1s<\/h4><\/div><\/a><\/dt><dt class=\"mec-calendar-day \" data-mec-cell=\"20260512\" data-day=\"12\" data-month=\"202605\">12<\/dt><\/dt><dt class=\"mec-calendar-day \" data-mec-cell=\"20260513\" data-day=\"13\" data-month=\"202605\">13<\/dt><\/dt><dt class=\"mec-calendar-day \" data-mec-cell=\"20260514\" data-day=\"14\" data-month=\"202605\">14<\/dt><\/dt><dt class=\"mec-calendar-day \" data-mec-cell=\"20260515\" data-day=\"15\" data-month=\"202605\">15<\/dt><\/dt><dt class=\"mec-calendar-day  mec-selected-day\" data-mec-cell=\"20260516\" data-day=\"16\" data-month=\"202605\">16<\/dt><\/dt><dt class=\"mec-calendar-day \" data-mec-cell=\"20260517\" data-day=\"17\" data-month=\"202605\">17<\/dt><\/dt><\/dl><dl class=\"mec-calendar-row\"><dt class=\"mec-calendar-day \" data-mec-cell=\"20260518\" data-day=\"18\" data-month=\"202605\"><div class=\"mec-calendar-novel-selected-day \">18<\/div><a class=\"mec-past-event event-single-link-novel\" data-event-id=\"2257\" href=\"https:\/\/www.sajoecseg.hu\/kozseg\/events\/kommunialis-hulladekszallitas-807-196-758\/\" ><div style=\"background:#eeee22\" class=\"mec-single-event-novel mec-event-article \"><h4 class=\"mec-event-title\">Szelekt\u00edv hullad\u00e9ksz\u00e1ll\u00edt\u00e1s<\/h4><\/div><\/a><a class=\"mec-past-event event-single-link-novel\" data-event-id=\"2251\" href=\"https:\/\/www.sajoecseg.hu\/kozseg\/events\/kommunialis-hulladekszallitas\/\" ><div style=\"background:#00a0d2\" class=\"mec-single-event-novel mec-event-article \"><h4 class=\"mec-event-title\">Kommuni\u00e1lis hullad\u00e9ksz\u00e1ll\u00edt\u00e1s<\/h4><\/div><\/a><\/dt><dt class=\"mec-calendar-day \" data-mec-cell=\"20260519\" data-day=\"19\" data-month=\"202605\"><div class=\"mec-calendar-novel-selected-day \">19<\/div><a class=\"mec-past-event event-single-link-novel\" data-event-id=\"2253\" href=\"https:\/\/www.sajoecseg.hu\/kozseg\/events\/kommunialis-hulladekszallitas-807\/\" ><div style=\"background:#3ae800\" class=\"mec-single-event-novel mec-event-article \"><h4 class=\"mec-event-title\">Z\u00f6ld hullad\u00e9ksz\u00e1ll\u00edt\u00e1s<\/h4><\/div><\/a><\/dt><dt class=\"mec-calendar-day \" data-mec-cell=\"20260520\" data-day=\"20\" data-month=\"202605\">20<\/dt><\/dt><dt class=\"mec-calendar-day \" data-mec-cell=\"20260521\" data-day=\"21\" data-month=\"202605\">21<\/dt><\/dt><dt class=\"mec-calendar-day \" data-mec-cell=\"20260522\" data-day=\"22\" data-month=\"202605\">22<\/dt><\/dt><dt class=\"mec-calendar-day \" data-mec-cell=\"20260523\" data-day=\"23\" data-month=\"202605\">23<\/dt><\/dt><dt class=\"mec-calendar-day \" data-mec-cell=\"20260524\" data-day=\"24\" data-month=\"202605\">24<\/dt><\/dt><\/dl><dl class=\"mec-calendar-row\"><dt class=\"mec-calendar-day \" data-mec-cell=\"20260525\" data-day=\"25\" data-month=\"202605\"><div class=\"mec-calendar-novel-selected-day \">25<\/div><a class=\"mec-past-event event-single-link-novel\" data-event-id=\"2251\" href=\"https:\/\/www.sajoecseg.hu\/kozseg\/events\/kommunialis-hulladekszallitas\/\" ><div style=\"background:#00a0d2\" class=\"mec-single-event-novel mec-event-article \"><h4 class=\"mec-event-title\">Kommuni\u00e1lis hullad\u00e9ksz\u00e1ll\u00edt\u00e1s<\/h4><\/div><\/a><\/dt><dt class=\"mec-calendar-day \" data-mec-cell=\"20260526\" data-day=\"26\" data-month=\"202605\">26<\/dt><\/dt><dt class=\"mec-calendar-day \" data-mec-cell=\"20260527\" data-day=\"27\" data-month=\"202605\">27<\/dt><\/dt><dt class=\"mec-calendar-day \" data-mec-cell=\"20260528\" data-day=\"28\" data-month=\"202605\">28<\/dt><\/dt><dt class=\"mec-calendar-day \" data-mec-cell=\"20260529\" data-day=\"29\" data-month=\"202605\">29<\/dt><\/dt><dt class=\"mec-calendar-day \" data-mec-cell=\"20260530\" data-day=\"30\" data-month=\"202605\">30<\/dt><\/dt><dt class=\"mec-calendar-day \" data-mec-cell=\"20260531\" data-day=\"31\" data-month=\"202605\">31<\/dt><\/dt><\/dl><dl class=\"mec-calendar-row\"><dt class=\"mec-table-nullday\">1<\/dt><dt class=\"mec-table-nullday\">2<\/dt><dt class=\"mec-table-nullday\">3<\/dt><dt class=\"mec-table-nullday\">4<\/dt><dt class=\"mec-table-nullday\">5<\/dt><dt class=\"mec-table-nullday\">6<\/dt><dt class=\"mec-table-nullday\">7<\/dt><\/dl><\/div>\r\n            <\/div>\r\n\r\n                    <\/div>\r\n            <\/div>\r\n\r\n<\/div>[\/et_pb_code][\/et_pb_column][\/et_pb_row][\/et_pb_section]<\/p>\n","protected":false},"excerpt":{"rendered":"<p>[et_pb_section fb_built=&#8221;1&#8243; theme_builder_area=&#8221;post_content&#8221; _builder_version=&#8221;4.14.7&#8243; _module_preset=&#8221;default&#8221;][et_pb_row _builder_version=&#8221;4.14.7&#8243; _module_preset=&#8221;default&#8221; theme_builder_area=&#8221;post_content&#8221;][et_pb_column _builder_version=&#8221;4.14.7&#8243; _module_preset=&#8221;default&#8221; type=&#8221;4_4&#8243; theme_builder_area=&#8221;post_content&#8221;][et_pb_code _builder_version=&#8221;4.14.7&#8243; _module_preset=&#8221;default&#8221; theme_builder_area=&#8221;post_content&#8221; hover_enabled=&#8221;0&#8243; sticky_enabled=&#8221;0&#8243;][\/et_pb_code][\/et_pb_column][\/et_pb_row][\/et_pb_section]<\/p>\n","protected":false},"author":1,"featured_media":0,"parent":0,"menu_order":0,"comment_status":"closed","ping_status":"closed","template":"","meta":{"_et_pb_use_builder":"on","_et_pb_old_content":"","_et_gb_content_width":"","footnotes":""},"class_list":["post-790","page","type-page","status-publish","hentry"],"_links":{"self":[{"href":"https:\/\/www.sajoecseg.hu\/kozseg\/wp-json\/wp\/v2\/pages\/790","targetHints":{"allow":["GET"]}}],"collection":[{"href":"https:\/\/www.sajoecseg.hu\/kozseg\/wp-json\/wp\/v2\/pages"}],"about":[{"href":"https:\/\/www.sajoecseg.hu\/kozseg\/wp-json\/wp\/v2\/types\/page"}],"author":[{"embeddable":true,"href":"https:\/\/www.sajoecseg.hu\/kozseg\/wp-json\/wp\/v2\/users\/1"}],"replies":[{"embeddable":true,"href":"https:\/\/www.sajoecseg.hu\/kozseg\/wp-json\/wp\/v2\/comments?post=790"}],"version-history":[{"count":3,"href":"https:\/\/www.sajoecseg.hu\/kozseg\/wp-json\/wp\/v2\/pages\/790\/revisions"}],"predecessor-version":[{"id":793,"href":"https:\/\/www.sajoecseg.hu\/kozseg\/wp-json\/wp\/v2\/pages\/790\/revisions\/793"}],"wp:attachment":[{"href":"https:\/\/www.sajoecseg.hu\/kozseg\/wp-json\/wp\/v2\/media?parent=790"}],"curies":[{"name":"wp","href":"https:\/\/api.w.org\/{rel}","templated":true}]}}