{"id":2601,"date":"2025-03-18T20:18:08","date_gmt":"2025-03-18T18:18:08","guid":{"rendered":"https:\/\/www.sajoecseg.hu\/kozseg\/?page_id=2601"},"modified":"2025-03-18T20:20:37","modified_gmt":"2025-03-18T18:20:37","slug":"automatikus-vazlat","status":"publish","type":"page","link":"https:\/\/www.sajoecseg.hu\/kozseg\/automatikus-vazlat\/","title":{"rendered":"Fels\u0151oktat\u00e1s p\u00e1ly\u00e1zat 2025"},"content":{"rendered":"<p>[et_pb_section fb_built=&#8221;1&#8243; _builder_version=&#8221;4.27.4&#8243; _module_preset=&#8221;default&#8221; global_colors_info=&#8221;{}&#8221;][et_pb_row _builder_version=&#8221;4.27.4&#8243; _module_preset=&#8221;default&#8221; global_colors_info=&#8221;{}&#8221;][et_pb_column type=&#8221;4_4&#8243; _builder_version=&#8221;4.27.4&#8243; _module_preset=&#8221;default&#8221; global_colors_info=&#8221;{}&#8221;][et_pb_tabs _builder_version=&#8221;4.27.4&#8243; _module_preset=&#8221;default&#8221; global_colors_info=&#8221;{}&#8221;][et_pb_tab title=&#8221;P\u00e1ly\u00e1zat 1. oldal&#8221; _builder_version=&#8221;4.27.4&#8243; _module_preset=&#8221;default&#8221; global_colors_info=&#8221;{}&#8221;]<\/p>\n<p><img loading=\"lazy\" decoding=\"async\" src=\"http:\/\/www.sajoecseg.hu\/kozseg\/wp-content\/uploads\/2025\/03\/Felso_1-453x640.jpg\" width=\"406\" height=\"574\" alt=\"\" class=\"wp-image-2606 alignnone size-medium\" \/><\/p>\n<p>[\/et_pb_tab][et_pb_tab title=&#8221;P\u00e1ly\u00e1zat 2. oldal&#8221; _builder_version=&#8221;4.27.4&#8243; _module_preset=&#8221;default&#8221; global_colors_info=&#8221;{}&#8221;]<\/p>\n<p><img loading=\"lazy\" decoding=\"async\" src=\"http:\/\/www.sajoecseg.hu\/kozseg\/wp-content\/uploads\/2025\/03\/Felso_2-453x640.jpg\" width=\"453\" height=\"640\" alt=\"\" class=\"wp-image-2608 alignnone size-medium\" \/><\/p>\n<p>[\/et_pb_tab][et_pb_tab title=&#8221;P\u00e1ly\u00e1zat 3. oldal&#8221; _builder_version=&#8221;4.27.4&#8243; _module_preset=&#8221;default&#8221; global_colors_info=&#8221;{}&#8221;]<\/p>\n<p><img loading=\"lazy\" decoding=\"async\" src=\"http:\/\/www.sajoecseg.hu\/kozseg\/wp-content\/uploads\/2025\/03\/Felso_3-453x640.jpg\" width=\"453\" height=\"640\" alt=\"\" class=\"wp-image-2609 alignnone size-medium\" \/><\/p>\n<p>[\/et_pb_tab][et_pb_tab title=&#8221;P\u00e1ly\u00e1zat \u00fcrlap&#8221; _builder_version=&#8221;4.27.4&#8243; _module_preset=&#8221;default&#8221; global_colors_info=&#8221;{}&#8221;]<\/p>\n<p><img loading=\"lazy\" decoding=\"async\" src=\"http:\/\/www.sajoecseg.hu\/kozseg\/wp-content\/uploads\/2025\/03\/Felso_4-453x640.jpg\" width=\"453\" height=\"640\" alt=\"\" class=\"wp-image-2607 alignnone size-medium\" \/><\/p>\n<p>[\/et_pb_tab][\/et_pb_tabs][\/et_pb_column][\/et_pb_row][\/et_pb_section]<\/p>\n","protected":false},"excerpt":{"rendered":"","protected":false},"author":1,"featured_media":0,"parent":0,"menu_order":0,"comment_status":"closed","ping_status":"closed","template":"","meta":{"_et_pb_use_builder":"on","_et_pb_old_content":"","_et_gb_content_width":"","footnotes":""},"class_list":["post-2601","page","type-page","status-publish","hentry"],"_links":{"self":[{"href":"https:\/\/www.sajoecseg.hu\/kozseg\/wp-json\/wp\/v2\/pages\/2601","targetHints":{"allow":["GET"]}}],"collection":[{"href":"https:\/\/www.sajoecseg.hu\/kozseg\/wp-json\/wp\/v2\/pages"}],"about":[{"href":"https:\/\/www.sajoecseg.hu\/kozseg\/wp-json\/wp\/v2\/types\/page"}],"author":[{"embeddable":true,"href":"https:\/\/www.sajoecseg.hu\/kozseg\/wp-json\/wp\/v2\/users\/1"}],"replies":[{"embeddable":true,"href":"https:\/\/www.sajoecseg.hu\/kozseg\/wp-json\/wp\/v2\/comments?post=2601"}],"version-history":[{"count":6,"href":"https:\/\/www.sajoecseg.hu\/kozseg\/wp-json\/wp\/v2\/pages\/2601\/revisions"}],"predecessor-version":[{"id":2613,"href":"https:\/\/www.sajoecseg.hu\/kozseg\/wp-json\/wp\/v2\/pages\/2601\/revisions\/2613"}],"wp:attachment":[{"href":"https:\/\/www.sajoecseg.hu\/kozseg\/wp-json\/wp\/v2\/media?parent=2601"}],"curies":[{"name":"wp","href":"https:\/\/api.w.org\/{rel}","templated":true}]}}