{"id":2400,"date":"2024-05-19T08:40:45","date_gmt":"2024-05-19T08:40:45","guid":{"rendered":"https:\/\/www.sajoecseg.hu\/kozseg\/?page_id=2400"},"modified":"2024-05-19T08:55:41","modified_gmt":"2024-05-19T08:55:41","slug":"youtubecsatornajelentkezes","status":"publish","type":"page","link":"https:\/\/www.sajoecseg.hu\/kozseg\/youtubecsatornajelentkezes\/","title":{"rendered":"Youtube csatorna jelentkez\u00e9s"},"content":{"rendered":"<div class='fluentform ff-default fluentform_wrapper_10 ffs_default_wrap'><form data-form_id=\"10\" id=\"fluentform_10\" class=\"frm-fluent-form fluent_form_10 ff-el-form-top ff_form_instance_10_1 ff-form-loading ffs_default\" data-form_instance=\"ff_form_instance_10_1\" method=\"POST\" ><fieldset  style=\"border: none!important;margin: 0!important;padding: 0!important;background-color: transparent!important;box-shadow: none!important;outline: none!important; min-inline-size: 100%;\">\n                    <legend class=\"ff_screen_reader_title\" style=\"display: block; margin: 0!important;padding: 0!important;height: 0!important;text-indent: -999999px;width: 0!important;overflow:hidden;\">Youtube jelentkez\u00e9s<\/legend><input type='hidden' name='__fluent_form_embded_post_id' value='2400' \/><input type=\"hidden\" id=\"_fluentform_10_fluentformnonce\" name=\"_fluentform_10_fluentformnonce\" value=\"e81715fc51\" \/><input type=\"hidden\" name=\"_wp_http_referer\" value=\"\/kozseg\/wp-json\/wp\/v2\/pages\/2400\" \/><div class=\"ff-el-group ff-el-section-break  ff_left\" data-name=\"section_break-10_1\" ><h3 class='ff-el-section-title'><\/h3><div class='ff-section_break_desk'><h3 style=\"text-align: center\">Saj\u00f3ecseg Youtube csatorna feliratkoz\u00e1s<\/h3>\n<p style=\"text-align: center\">A csatorna k\u00e9t f\u00e9le k\u00e9pen haszn\u00e1lhat\u00f3.<\/p>\n<p style=\"text-align: center\">Publikus fel\u00fclet b\u00e1rki \u00e1ltal el\u00e9rhet\u0151. Priv\u00e1t fel\u00fclet csak saj\u00f3ecsegi lakosok sz\u00e1m\u00e1ra el\u00e9rhet\u0151. A priv\u00e1t fel\u00fclet el\u00e9r\u00e9s\u00e9hez GOOGLE t\u00edpus\u00fa e-mail fi\u00f3kra van sz\u00fcks\u00e9g.\u00a0Jelen \u0171rlap kit\u00f6lt\u00e9se ut\u00e1n a jelentkez\u0151 a priv\u00e1t fel\u00fcletre kap hozz\u00e1f\u00e9r\u00e9st, adategyeztet\u00e9st k\u00f6vet\u0151en.<\/p><\/div><hr \/><\/div><div class='ff-el-group ff-el-form-top  ff_list_2col'><div class=\"ff-el-input--label asterisk-right\"><label   aria-label=\"Adatv\u00e9delmi ir\u00e1nyelveket elfogadja?\">Adatv\u00e9delmi ir\u00e1nyelveket elfogadja?<\/label><\/div><div class='ff-el-input--content'><div class='ff-el-form-check ff-el-form-check-'><label class='ff-el-form-check-label' for='input_radio_ab701c744754827aa21d6bf45a7a439e'><input  type=\"radio\" name=\"input_radio\" data-name=\"input_radio\" class=\"ff-el-form-check-input ff-el-form-check-radio\" value=\"Igen\"  id='input_radio_ab701c744754827aa21d6bf45a7a439e' aria-label='Igen' aria-invalid='false' aria-required=false> <span>Igen<\/span><\/label><\/div><div class='ff-el-form-check ff-el-form-check-'><label class='ff-el-form-check-label' for='input_radio_c393e2b6b4eac1870af7fe565b3fcdb8'><input  type=\"radio\" name=\"input_radio\" data-name=\"input_radio\" class=\"ff-el-form-check-input ff-el-form-check-radio\" value=\"Nem\"  id='input_radio_c393e2b6b4eac1870af7fe565b3fcdb8' aria-label='Nem' aria-invalid='false' aria-required=false> <span>Nem<\/span><\/label><\/div><\/div><\/div><div data-type=\"name-element\" data-name=\"names\" class=\"has-conditions  ff-field_container ff-name-field-wrapper\" ><div class='ff-t-container'><div class='ff-t-cell '><div class='ff-el-group'><div class=\"ff-el-input--label asterisk-right\"><label for='ff_10_names_first_name_' id='label_ff_10_names_first_name_' >Vezet\u00e9k n\u00e9v<\/label><\/div><div class='ff-el-input--content'><input type=\"text\" name=\"names[first_name]\" id=\"ff_10_names_first_name_\" class=\"ff-el-form-control\" aria-invalid=\"false\" aria-required=false><\/div><\/div><\/div><div class='ff-t-cell '><div class='ff-el-group'><div class=\"ff-el-input--label asterisk-right\"><label for='ff_10_names_last_name_' id='label_ff_10_names_last_name_' >Keresztn\u00e9v<\/label><\/div><div class='ff-el-input--content'><input type=\"text\" name=\"names[last_name]\" id=\"ff_10_names_last_name_\" class=\"ff-el-form-control\" aria-invalid=\"false\" aria-required=false><\/div><\/div><\/div><\/div><\/div><div class='ff-el-group has-conditions'><div class=\"ff-el-input--label asterisk-right\"><label for='ff_10_input_text' id='label_ff_10_input_text' aria-label=\"Lakc\u00edm (utca, h\u00e1zsz\u00e1m):\">Lakc\u00edm (utca, h\u00e1zsz\u00e1m):<\/label><\/div><div class='ff-el-input--content'><input type=\"text\" name=\"input_text\" class=\"ff-el-form-control\" data-name=\"input_text\" id=\"ff_10_input_text\"  aria-invalid=\"false\" aria-required=false><\/div><\/div><div class='ff-el-group has-conditions'><div class=\"ff-el-input--label asterisk-right\"><label for='ff_10_email' id='label_ff_10_email' aria-label=\"E-mail c\u00edm\">E-mail c\u00edm<\/label><div class=\"ff-el-tooltip\" data-content=\"GOOGLE\/GMAIL jelleg\u0171 e-mail c\u00edm\"><svg width=\"16\" height=\"16\" viewBox=\"0 0 25 25\"><path d=\"m329 393l0-46c0-2-1-4-2-6-2-2-4-3-7-3l-27 0 0-146c0-3-1-5-3-7-2-1-4-2-7-2l-91 0c-3 0-5 1-7 2-1 2-2 4-2 7l0 46c0 2 1 5 2 6 2 2 4 3 7 3l27 0 0 91-27 0c-3 0-5 1-7 3-1 2-2 4-2 6l0 46c0 3 1 5 2 7 2 1 4 2 7 2l128 0c3 0 5-1 7-2 1-2 2-4 2-7z m-36-256l0-46c0-2-1-4-3-6-2-2-4-3-7-3l-54 0c-3 0-5 1-7 3-2 2-3 4-3 6l0 46c0 3 1 5 3 7 2 1 4 2 7 2l54 0c3 0 5-1 7-2 2-2 3-4 3-7z m182 119c0 40-9 77-29 110-20 34-46 60-80 80-33 20-70 29-110 29-40 0-77-9-110-29-34-20-60-46-80-80-20-33-29-70-29-110 0-40 9-77 29-110 20-34 46-60 80-80 33-20 70-29 110-29 40 0 77 9 110 29 34 20 60 46 80 80 20 33 29 70 29 110z\" transform=\"scale(0.046875 0.046875)\"><\/path><\/svg><\/div><\/div><div class='ff-el-input--content'><input type=\"email\" name=\"email\" id=\"ff_10_email\" class=\"ff-el-form-control\" data-name=\"email\"  aria-invalid=\"false\" aria-required=false><\/div><\/div><div class='ff-el-group ff-text-right ff_submit_btn_wrapper'><button type=\"submit\" class=\"ff-btn ff-btn-submit ff-btn-md ff_btn_style\"  aria-label=\"Jelentkez\u00e9s\">Jelentkez\u00e9s<\/button><\/div><\/fieldset><\/form><div id='fluentform_10_errors' class='ff-errors-in-stack ff_form_instance_10_1 ff-form-loading_errors ff_form_instance_10_1_errors'><\/div><\/div>            <script type=\"text\/javascript\">\n                window.fluent_form_ff_form_instance_10_1 = {\"id\":\"10\",\"ajaxUrl\":\"https:\\\/\\\/www.sajoecseg.hu\\\/kozseg\\\/wp-admin\\\/admin-ajax.php\",\"settings\":{\"layout\":{\"labelPlacement\":\"top\",\"helpMessagePlacement\":\"with_label\",\"errorMessagePlacement\":\"inline\"},\"restrictions\":{\"denyEmptySubmission\":{\"enabled\":false}}},\"form_instance\":\"ff_form_instance_10_1\",\"form_id_selector\":\"fluentform_10\",\"rules\":{\"input_radio\":{\"required\":{\"value\":false,\"message\":\"This field is required\",\"global_message\":\"This field is required\",\"global\":true}},\"names[first_name]\":{\"required\":{\"value\":false,\"message\":\"This field is required\",\"global\":true,\"global_message\":\"This field is required\"}},\"names[middle_name]\":{\"required\":{\"value\":false,\"message\":\"This field is required\",\"global\":true,\"global_message\":\"This field is required\"}},\"names[last_name]\":{\"required\":{\"value\":false,\"message\":\"This field is required\",\"global\":true,\"global_message\":\"This field is required\"}},\"input_text\":{\"required\":{\"value\":false,\"message\":\"This field is required\",\"global_message\":\"This field is required\",\"global\":true}},\"email\":{\"required\":{\"value\":false,\"message\":\"This field is required\",\"global\":true,\"global_message\":\"This field is required\"},\"email\":{\"value\":false,\"message\":\"This field must contain a valid email\",\"global\":true,\"global_message\":\"This field must contain a valid email\"}}},\"debounce_time\":300,\"conditionals\":{\"names\":{\"type\":\"any\",\"status\":true,\"conditions\":[{\"field\":\"input_radio\",\"value\":\"Igen\",\"operator\":\"=\"}]},\"input_text\":{\"type\":\"any\",\"status\":true,\"conditions\":[{\"field\":\"input_radio\",\"value\":\"Igen\",\"operator\":\"=\"}]},\"email\":{\"type\":\"any\",\"status\":true,\"conditions\":[{\"field\":\"input_radio\",\"value\":\"Igen\",\"operator\":\"=\"}]}}};\n                            <\/script>\n            \n","protected":false},"excerpt":{"rendered":"","protected":false},"author":1,"featured_media":0,"parent":0,"menu_order":0,"comment_status":"closed","ping_status":"closed","template":"","meta":{"_et_pb_use_builder":"","_et_pb_old_content":"","_et_gb_content_width":"","footnotes":""},"class_list":["post-2400","page","type-page","status-publish","hentry"],"_links":{"self":[{"href":"https:\/\/www.sajoecseg.hu\/kozseg\/wp-json\/wp\/v2\/pages\/2400","targetHints":{"allow":["GET"]}}],"collection":[{"href":"https:\/\/www.sajoecseg.hu\/kozseg\/wp-json\/wp\/v2\/pages"}],"about":[{"href":"https:\/\/www.sajoecseg.hu\/kozseg\/wp-json\/wp\/v2\/types\/page"}],"author":[{"embeddable":true,"href":"https:\/\/www.sajoecseg.hu\/kozseg\/wp-json\/wp\/v2\/users\/1"}],"replies":[{"embeddable":true,"href":"https:\/\/www.sajoecseg.hu\/kozseg\/wp-json\/wp\/v2\/comments?post=2400"}],"version-history":[{"count":1,"href":"https:\/\/www.sajoecseg.hu\/kozseg\/wp-json\/wp\/v2\/pages\/2400\/revisions"}],"predecessor-version":[{"id":2401,"href":"https:\/\/www.sajoecseg.hu\/kozseg\/wp-json\/wp\/v2\/pages\/2400\/revisions\/2401"}],"wp:attachment":[{"href":"https:\/\/www.sajoecseg.hu\/kozseg\/wp-json\/wp\/v2\/media?parent=2400"}],"curies":[{"name":"wp","href":"https:\/\/api.w.org\/{rel}","templated":true}]}}