{"id":2299,"date":"2024-05-10T10:15:34","date_gmt":"2024-05-10T10:15:34","guid":{"rendered":"https:\/\/www.sajoecseg.hu\/kozseg\/?page_id=2299"},"modified":"2024-05-10T10:15:34","modified_gmt":"2024-05-10T10:15:34","slug":"keptarkerdoiv","status":"publish","type":"page","link":"https:\/\/www.sajoecseg.hu\/kozseg\/keptarkerdoiv\/","title":{"rendered":"K\u00e9pt\u00e1r k\u00e9rd\u0151\u00edv"},"content":{"rendered":"<div class='fluentform ff-default fluentform_wrapper_9 ffs_default_wrap'><form data-form_id=\"9\" id=\"fluentform_9\" class=\"frm-fluent-form fluent_form_9 ff-el-form-top ff_form_instance_9_1 ff-form-loading ffs_default\" data-form_instance=\"ff_form_instance_9_1\" method=\"POST\" ><fieldset  style=\"border: none!important;margin: 0!important;padding: 0!important;background-color: transparent!important;box-shadow: none!important;outline: none!important; min-inline-size: 100%;\">\n                    <legend class=\"ff_screen_reader_title\" style=\"display: block; margin: 0!important;padding: 0!important;height: 0!important;text-indent: -999999px;width: 0!important;overflow:hidden;\">K\u00e9pt\u00e1r k\u00e9rd\u0151\u00edv<\/legend><input type='hidden' name='__fluent_form_embded_post_id' value='2299' \/><input type=\"hidden\" id=\"_fluentform_9_fluentformnonce\" name=\"_fluentform_9_fluentformnonce\" value=\"13259f95f0\" \/><input type=\"hidden\" name=\"_wp_http_referer\" value=\"\/kozseg\/wp-json\/wp\/v2\/pages\/2299\" \/><div class='ff-el-group'><div class=\"ff-el-input--label asterisk-right\"><label   aria-label=\"Adatv\u00e9delmi ir\u00e1nyelveket elfogadom\">Adatv\u00e9delmi ir\u00e1nyelveket elfogadom<\/label><\/div><div class='ff-el-input--content'><div class='ff-el-form-check ff-el-form-check-'><label class='ff-el-form-check-label' for='input_radio_1_a1cd0e815accaf8a167da9dc3d6fed13'><input  type=\"radio\" name=\"input_radio_1\" data-name=\"input_radio_1\" class=\"ff-el-form-check-input ff-el-form-check-radio\" value=\"Igen\"  id='input_radio_1_a1cd0e815accaf8a167da9dc3d6fed13' aria-label='Igen' aria-invalid='false' aria-required=false> <span>Igen<\/span><\/label><\/div><div class='ff-el-form-check ff-el-form-check-'><label class='ff-el-form-check-label' for='input_radio_1_2c7ec2501f0d3a610b6aea256c37d3a7'><input  type=\"radio\" name=\"input_radio_1\" data-name=\"input_radio_1\" class=\"ff-el-form-check-input ff-el-form-check-radio\" value=\"Nem\"  id='input_radio_1_2c7ec2501f0d3a610b6aea256c37d3a7' aria-label='Nem' aria-invalid='false' aria-required=false> <span>Nem<\/span><\/label><\/div><\/div><\/div><div data-type=\"name-element\" data-name=\"names\" class=\"has-conditions  ff-field_container ff-name-field-wrapper\" ><div class='ff-t-container'><div class='ff-t-cell '><div class='ff-el-group'><div class=\"ff-el-input--label asterisk-right\"><label for='ff_9_names_first_name_' id='label_ff_9_names_first_name_' >Csal\u00e1di n\u00e9v:<\/label><\/div><div class='ff-el-input--content'><input type=\"text\" name=\"names[first_name]\" id=\"ff_9_names_first_name_\" class=\"ff-el-form-control\" placeholder=\"First Name\" aria-invalid=\"false\" aria-required=false><\/div><\/div><\/div><div class='ff-t-cell '><div class='ff-el-group'><div class=\"ff-el-input--label asterisk-right\"><label for='ff_9_names_last_name_' id='label_ff_9_names_last_name_' >Kereszt n\u00e9v:<\/label><\/div><div class='ff-el-input--content'><input type=\"text\" name=\"names[last_name]\" id=\"ff_9_names_last_name_\" class=\"ff-el-form-control\" placeholder=\"Last Name\" aria-invalid=\"false\" aria-required=false><\/div><\/div><\/div><\/div><\/div><div class='ff-el-group has-conditions'><div class=\"ff-el-input--label ff-el-is-required asterisk-right\"><label for='ff_9_email' id='label_ff_9_email' aria-label=\"E-mail c\u00edm:\">E-mail c\u00edm:<\/label><\/div><div class='ff-el-input--content'><input type=\"email\" name=\"email\" id=\"ff_9_email\" class=\"ff-el-form-control\" placeholder=\"Email Address\" data-name=\"email\"  aria-invalid=\"false\" aria-required=true><\/div><\/div><div class='ff-el-group has-conditions'><div class=\"ff-el-input--label asterisk-right\"><label   aria-label=\"Hasznosnak tartja-e a kezdem\u00e9nyez\u00e9st?\">Hasznosnak tartja-e a kezdem\u00e9nyez\u00e9st?<\/label><\/div><div class='ff-el-input--content'><div class='ff-el-form-check ff-el-form-check-'><label class='ff-el-form-check-label' for='input_radio_e503cde04a27345e8bafbb7e66820305'><input  type=\"radio\" name=\"input_radio\" data-name=\"input_radio\" class=\"ff-el-form-check-input ff-el-form-check-radio\" value=\"Igen\"  id='input_radio_e503cde04a27345e8bafbb7e66820305' aria-label='Igen' aria-invalid='false' aria-required=false> <span>Igen<\/span><\/label><\/div><div class='ff-el-form-check ff-el-form-check-'><label class='ff-el-form-check-label' for='input_radio_fb41e12d3cc6809e07dd63064db9a24d'><input  type=\"radio\" name=\"input_radio\" data-name=\"input_radio\" class=\"ff-el-form-check-input ff-el-form-check-radio\" value=\"Nem\"  id='input_radio_fb41e12d3cc6809e07dd63064db9a24d' aria-label='Nem' aria-invalid='false' aria-required=false> <span>Nem<\/span><\/label><\/div><\/div><\/div><div class='ff-el-group has-conditions'><div class=\"ff-el-input--label asterisk-right\"><label for='ff_9_subject' id='label_ff_9_subject' aria-label=\"Milyen javaslata van a v\u00e1ltoztat\u00e1sn\u00e1l?\">Milyen javaslata van a v\u00e1ltoztat\u00e1sn\u00e1l?<\/label><\/div><div class='ff-el-input--content'><input type=\"text\" name=\"subject\" class=\"ff-el-form-control\" placeholder=\"Subject\" data-name=\"subject\" id=\"ff_9_subject\"  aria-invalid=\"false\" aria-required=false><\/div><\/div><div class='ff-el-group has-conditions'><div class=\"ff-el-input--label ff-el-is-required asterisk-right\"><label for='ff_9_message' id='label_ff_9_message' aria-label=\"Egy\u00e9b v\u00e9lem\u00e9ny, amit meg szeretne osztani:\">Egy\u00e9b v\u00e9lem\u00e9ny, amit meg szeretne osztani:<\/label><\/div><div class='ff-el-input--content'><textarea aria-required=\"true\" aria-labelledby=\"label_ff_9_message\" name=\"message\" id=\"ff_9_message\" class=\"ff-el-form-control\" placeholder=\"Your Message\" rows=\"4\" cols=\"2\" data-name=\"message\" ><\/textarea><\/div><\/div><div class='ff-el-group ff-text-left ff_submit_btn_wrapper'><button type=\"submit\" class=\"ff-btn ff-btn-submit ff-btn-md ff_btn_style\"  aria-label=\"Submit Form\">Submit Form<\/button><\/div><\/fieldset><\/form><div id='fluentform_9_errors' class='ff-errors-in-stack ff_form_instance_9_1 ff-form-loading_errors ff_form_instance_9_1_errors'><\/div><\/div>            <script type=\"text\/javascript\">\n                window.fluent_form_ff_form_instance_9_1 = {\"id\":\"9\",\"ajaxUrl\":\"https:\\\/\\\/www.sajoecseg.hu\\\/kozseg\\\/wp-admin\\\/admin-ajax.php\",\"settings\":{\"layout\":{\"labelPlacement\":\"top\",\"helpMessagePlacement\":\"with_label\",\"errorMessagePlacement\":\"inline\"},\"restrictions\":{\"denyEmptySubmission\":{\"enabled\":false}}},\"form_instance\":\"ff_form_instance_9_1\",\"form_id_selector\":\"fluentform_9\",\"rules\":{\"input_radio_1\":{\"required\":{\"value\":false,\"message\":\"This field is required\",\"global_message\":\"This field is required\",\"global\":true}},\"names[first_name]\":{\"required\":{\"value\":false,\"message\":\"This field is required\",\"global\":true,\"global_message\":\"This field is required\"}},\"names[middle_name]\":{\"required\":{\"value\":false,\"message\":\"This field is required\",\"global\":true,\"global_message\":\"This field is required\"}},\"names[last_name]\":{\"required\":{\"value\":false,\"message\":\"This field is required\",\"global\":true,\"global_message\":\"This field is required\"}},\"email\":{\"required\":{\"value\":true,\"message\":\"This field is required\",\"global\":true,\"global_message\":\"This field is required\"},\"email\":{\"value\":true,\"message\":\"This field must contain a valid email\",\"global\":true,\"global_message\":\"This field must contain a valid email\"}},\"input_radio\":{\"required\":{\"value\":false,\"message\":\"This field is required\",\"global_message\":\"This field is required\",\"global\":true}},\"subject\":{\"required\":{\"value\":false,\"message\":\"This field is required\",\"global\":true,\"global_message\":\"This field is required\"}},\"message\":{\"required\":{\"value\":true,\"message\":\"This field is required\",\"global\":true,\"global_message\":\"This field is required\"}}},\"debounce_time\":300,\"conditionals\":{\"names\":{\"type\":\"any\",\"status\":true,\"conditions\":[{\"field\":\"input_radio_1\",\"value\":\"Igen\",\"operator\":\"=\"}]},\"email\":{\"type\":\"any\",\"status\":true,\"conditions\":[{\"field\":\"input_radio_1\",\"value\":\"Igen\",\"operator\":\"=\"}]},\"input_radio\":{\"type\":\"any\",\"status\":true,\"conditions\":[{\"field\":\"input_radio_1\",\"value\":\"Igen\",\"operator\":\"=\"}]},\"subject\":{\"type\":\"any\",\"status\":true,\"conditions\":[{\"field\":\"input_radio\",\"value\":\"Nem\",\"operator\":\"=\"}]},\"message\":{\"type\":\"any\",\"status\":true,\"conditions\":[{\"field\":\"input_radio_1\",\"value\":\"Igen\",\"operator\":\"=\"}]}}};\n                            <\/script>\n            \n","protected":false},"excerpt":{"rendered":"","protected":false},"author":1,"featured_media":0,"parent":0,"menu_order":0,"comment_status":"closed","ping_status":"closed","template":"","meta":{"_et_pb_use_builder":"","_et_pb_old_content":"","_et_gb_content_width":"","footnotes":""},"class_list":["post-2299","page","type-page","status-publish","hentry"],"_links":{"self":[{"href":"https:\/\/www.sajoecseg.hu\/kozseg\/wp-json\/wp\/v2\/pages\/2299","targetHints":{"allow":["GET"]}}],"collection":[{"href":"https:\/\/www.sajoecseg.hu\/kozseg\/wp-json\/wp\/v2\/pages"}],"about":[{"href":"https:\/\/www.sajoecseg.hu\/kozseg\/wp-json\/wp\/v2\/types\/page"}],"author":[{"embeddable":true,"href":"https:\/\/www.sajoecseg.hu\/kozseg\/wp-json\/wp\/v2\/users\/1"}],"replies":[{"embeddable":true,"href":"https:\/\/www.sajoecseg.hu\/kozseg\/wp-json\/wp\/v2\/comments?post=2299"}],"version-history":[{"count":2,"href":"https:\/\/www.sajoecseg.hu\/kozseg\/wp-json\/wp\/v2\/pages\/2299\/revisions"}],"predecessor-version":[{"id":2301,"href":"https:\/\/www.sajoecseg.hu\/kozseg\/wp-json\/wp\/v2\/pages\/2299\/revisions\/2301"}],"wp:attachment":[{"href":"https:\/\/www.sajoecseg.hu\/kozseg\/wp-json\/wp\/v2\/media?parent=2299"}],"curies":[{"name":"wp","href":"https:\/\/api.w.org\/{rel}","templated":true}]}}