{"id":811,"date":"2022-02-23T08:44:33","date_gmt":"2022-02-23T08:44:33","guid":{"rendered":"https:\/\/www.sajoecseg.hu\/kozseg\/?page_id=811"},"modified":"2023-06-22T19:35:42","modified_gmt":"2023-06-22T19:35:42","slug":"szaghatas-urlap","status":"publish","type":"page","link":"http:\/\/www.sajoecseg.hu\/kozseg\/szaghatas-urlap\/","title":{"rendered":"Szaghat\u00e1s \u00fcrlap"},"content":{"rendered":"<div class='fluentform ff-default fluentform_wrapper_3 ffs_default_wrap'><form data-form_id=\"3\" id=\"fluentform_3\" class=\"frm-fluent-form fluent_form_3 ff-el-form-top ff_form_instance_3_1 ff-form-loading ffs_default\" data-form_instance=\"ff_form_instance_3_1\" method=\"POST\" ><fieldset  style=\"border: none!important;margin: 0!important;padding: 0!important;background-color: transparent!important;box-shadow: none!important;outline: none!important; min-inline-size: 100%;\">\n                    <legend class=\"ff_screen_reader_title\" style=\"display: block; margin: 0!important;padding: 0!important;height: 0!important;text-indent: -999999px;width: 0!important;overflow:hidden;\">Szaghat\u00e1s \u0171rlap<\/legend><input type='hidden' name='__fluent_form_embded_post_id' value='811' \/><input type=\"hidden\" id=\"_fluentform_3_fluentformnonce\" name=\"_fluentform_3_fluentformnonce\" value=\"2d9e95b2b0\" \/><input type=\"hidden\" name=\"_wp_http_referer\" value=\"\/kozseg\/wp-json\/wp\/v2\/pages\/811\" \/><div data-type=\"name-element\" data-name=\"names\" class=\" ff-field_container ff-name-field-wrapper\" ><div class='ff-t-container'><div class='ff-t-cell '><div class='ff-el-group  ff-el-form-top'><div class=\"ff-el-input--label asterisk-right\"><label for='ff_3_names_first_name_' id='label_ff_3_names_first_name_' >Vezet\u00e9k n\u00e9v<\/label><\/div><div class='ff-el-input--content'><input type=\"text\" name=\"names[first_name]\" id=\"ff_3_names_first_name_\" class=\"ff-el-form-control\" placeholder=\"Vezet\u00e9k n\u00e9v\" aria-invalid=\"false\" aria-required=false><\/div><\/div><\/div><div class='ff-t-cell '><div class='ff-el-group  ff-el-form-top'><div class=\"ff-el-input--label asterisk-right\"><label for='ff_3_names_last_name_' id='label_ff_3_names_last_name_' >Keresztn\u00e9v<\/label><\/div><div class='ff-el-input--content'><input type=\"text\" name=\"names[last_name]\" id=\"ff_3_names_last_name_\" class=\"ff-el-form-control\" placeholder=\"Keresztn\u00e9v\" aria-invalid=\"false\" aria-required=false><\/div><\/div><\/div><\/div><\/div><div class='ff-el-group has-conditions'><div class=\"ff-el-input--label asterisk-right\"><label for='ff_3_email' id='label_ff_3_email' aria-label=\"E-mail c\u00edm\">E-mail c\u00edm<\/label><\/div><div class='ff-el-input--content'><input type=\"email\" name=\"email\" id=\"ff_3_email\" class=\"ff-el-form-control\" placeholder=\"E-mail c\u00edm\" data-name=\"email\"  aria-invalid=\"false\" aria-required=false><\/div><\/div><div class=\"ff-name-address-wrapper fluent-address has-conditions\" data-type=\"address-element\" data-name=\"address_1\" ><div class='ff-el-input--label'><label aria-label=\"Address\">Address<\/label><\/div><div class='ff-el-input--content'><div class='ff-t-container'><div class='ff-t-cell'><div class='ff-el-group'><div class=\"ff-el-input--label asterisk-right\"><label for='ff_3_address_1_city_' id='label_ff_3_address_1_city_' aria-label=\"V\u00e1ros\">V\u00e1ros<\/label><\/div><div class='ff-el-input--content'><input type=\"text\" name=\"address_1[city]\" value=\"Saj\u00f3ecseg\" id=\"ff_3_address_1_city_\" class=\"ff-el-form-control\" placeholder=\"City\" data-key_name=\"city\"  aria-invalid=\"false\" aria-required=false><\/div><\/div><\/div><div class='ff-t-cell'><div class='ff-el-group'><div class=\"ff-el-input--label asterisk-right\"><label for='ff_3_address_1_address_line_1_' id='label_ff_3_address_1_address_line_1_' aria-label=\"Potos c\u00edm\">Potos c\u00edm<\/label><\/div><div class='ff-el-input--content'><input type=\"text\" name=\"address_1[address_line_1]\" id=\"ff_3_address_1_address_line_1_\" class=\"ff-el-form-control\" placeholder=\"Utca, h\u00e1zsz\u00e1m\" data-key_name=\"address_line_1\"  aria-invalid=\"false\" aria-required=false><\/div><\/div><\/div><\/div><\/div><\/div><div data-name=\"ff_cn_id_1\"  class='ff-t-container ff-column-container ff_columns_total_2 '><div class='ff-t-cell ff-t-column-1' style='flex-basis: 50%;'><div class='ff-el-group has-conditions'><div class=\"ff-el-input--label asterisk-right\"><label for='ff_3_datetime_1' id='label_ff_3_datetime_1' aria-label=\"\u00c9szlel\u00e9s d\u00e1tuma\">\u00c9szlel\u00e9s d\u00e1tuma<\/label><\/div><div class='ff-el-input--content'><input  aria-label='\u00c9szlel\u00e9s d\u00e1tuma Use arrow keys to navigate dates. Press enter to select a date.'  aria-haspopup='dialog' data-type-datepicker data-format='Y-m-d' type=\"text\" name=\"datetime_1\" id=\"ff_3_datetime_1\" class=\"ff-el-form-control ff-el-datepicker\" data-name=\"datetime_1\"  aria-invalid='false' aria-required=false><\/div><\/div><\/div><div class='ff-t-cell ff-t-column-2' style='flex-basis: 50%;'><div class='ff-el-group has-conditions'><div class=\"ff-el-input--label asterisk-right\"><label for='ff_3_datetime_2' id='label_ff_3_datetime_2' aria-label=\"Pontos id\u0151pont\">Pontos id\u0151pont<\/label><\/div><div class='ff-el-input--content'><input  aria-label='Pontos id\u0151pont Use arrow keys to navigate dates. Press enter to select a date.'  aria-haspopup='dialog' data-type-datepicker data-format='H:i' type=\"text\" name=\"datetime_2\" id=\"ff_3_datetime_2\" class=\"ff-el-form-control ff-el-datepicker\" data-name=\"datetime_2\"  aria-invalid='false' aria-required=false><\/div><\/div><\/div><\/div><div class='ff-el-group has-conditions'><div class=\"ff-el-input--label asterisk-right\"><label for='ff_3_dropdown' id='label_ff_3_dropdown' aria-label=\"A szaghat\u00e1s jellege\">A szaghat\u00e1s jellege<\/label><\/div><div class='ff-el-input--content'><select name=\"dropdown\" id=\"ff_3_dropdown\" class=\"ff-el-form-control\" data-name=\"dropdown\" data-calc_value=\"0\"  aria-invalid=\"false\" aria-required=\"false\" aria-labelledby=\"label_ff_3_dropdown\"><option value=\"\">- Select -<\/option><option value=\"\u00c9desk\u00e9s\"  >\u00c9desk\u00e9s<\/option><option value=\"Sz\u00far\u00f3s\"  >Sz\u00far\u00f3s<\/option><option value=\"Er\u0151s mar\u00f3\"  >Er\u0151s mar\u00f3<\/option><option value=\"\u00c1llati eredet\u0171\"  >\u00c1llati eredet\u0171<\/option><\/select><\/div><\/div><div class='ff-el-group has-conditions'><div class=\"ff-el-input--label asterisk-right\"><label for='ff_3_dropdown_1' id='label_ff_3_dropdown_1' aria-label=\"A szaghat\u00e1s intenzit\u00e1sa\">A szaghat\u00e1s intenzit\u00e1sa<\/label><\/div><div class='ff-el-input--content'><select name=\"dropdown_1\" id=\"ff_3_dropdown_1\" class=\"ff-el-form-control\" data-name=\"dropdown_1\" data-calc_value=\"0\"  aria-invalid=\"false\" aria-required=\"false\" aria-labelledby=\"label_ff_3_dropdown_1\"><option value=\"\">- Select -<\/option><option value=\"Er\u0151s\"  >Er\u0151s<\/option><option value=\"K\u00f6zepes\"  >K\u00f6zepes<\/option><option value=\"Gyenge\"  >Gyenge<\/option><\/select><\/div><\/div><div class='ff-el-group ff-text-right  has-conditions ff_submit_btn_wrapper ff_submit_btn_wrapper_custom'><button class=\"ff-btn ff-btn-submit ff-btn-md ff_btn_style wpf_has_custom_css\" type=\"submit\" name=\"custom_submit_button-3_1\" data-name=\"custom_submit_button-3_1\"  aria-label=\"Bek\u00fcld\u00e9s\">Bek\u00fcld\u00e9s<\/button><style>form.fluent_form_3 .wpf_has_custom_css.ff-btn-submit { background-color:#409EFF;border-color:#409EFF;color:#ffffff;min-width:100%; }form.fluent_form_3 .wpf_has_custom_css.ff-btn-submit:hover { background-color:rgba(10, 27, 213, 1);border-color:#409EFF;color:#FBFDFF;min-width:100%; } <\/style><\/div><\/fieldset><\/form><div id='fluentform_3_errors' class='ff-errors-in-stack ff_form_instance_3_1 ff-form-loading_errors ff_form_instance_3_1_errors'><\/div><\/div>            <script type=\"text\/javascript\">\n                window.fluent_form_ff_form_instance_3_1 = {\"id\":\"3\",\"ajaxUrl\":\"http:\\\/\\\/www.sajoecseg.hu\\\/kozseg\\\/wp-admin\\\/admin-ajax.php\",\"settings\":{\"layout\":{\"labelPlacement\":\"top\",\"helpMessagePlacement\":\"with_label\",\"errorMessagePlacement\":\"inline\",\"asteriskPlacement\":\"asterisk-right\"},\"restrictions\":{\"denyEmptySubmission\":{\"enabled\":false}}},\"form_instance\":\"ff_form_instance_3_1\",\"form_id_selector\":\"fluentform_3\",\"rules\":{\"names[first_name]\":{\"required\":{\"value\":false,\"message\":\"This field is required\"}},\"names[middle_name]\":{\"required\":{\"value\":false,\"message\":\"This field is required\"}},\"names[last_name]\":{\"required\":{\"value\":false,\"message\":\"This field is required\"}},\"email\":{\"required\":{\"value\":false,\"message\":\"This field is required\"},\"email\":{\"value\":true,\"message\":\"This field must contain a valid email\"}},\"address_1[address_line_1]\":{\"required\":{\"value\":false,\"message\":\"This field is required\"}},\"address_1[address_line_2]\":{\"required\":{\"value\":false,\"message\":\"This field is required\"}},\"address_1[city]\":{\"required\":{\"value\":false,\"message\":\"This field is required\"}},\"address_1[state]\":{\"required\":{\"value\":false,\"message\":\"This field is required\"}},\"address_1[zip]\":{\"required\":{\"value\":false,\"message\":\"This field is required\"}},\"address_1[country]\":{\"required\":{\"value\":false,\"message\":\"This field is required\"}},\"datetime_1\":{\"required\":{\"value\":false,\"message\":\"This field is required\"}},\"datetime_2\":{\"required\":{\"value\":false,\"message\":\"This field is required\"}},\"dropdown\":{\"required\":{\"value\":false,\"message\":\"This field is required\"}},\"dropdown_1\":{\"required\":{\"value\":false,\"message\":\"This field is required\"}}},\"debounce_time\":300,\"conditionals\":{\"email\":{\"type\":\"all\",\"status\":true,\"conditions\":[{\"field\":\"names[first_name]\",\"value\":\"\",\"operator\":\"!=\"},{\"field\":\"names[last_name]\",\"value\":\"\",\"operator\":\"!=\"}]},\"address_1\":{\"type\":\"any\",\"status\":true,\"conditions\":[{\"field\":\"email\",\"value\":\"\",\"operator\":\"!=\"}]},\"datetime_1\":{\"type\":\"all\",\"status\":true,\"conditions\":[{\"field\":\"address_1[address_line_1]\",\"value\":\"\",\"operator\":\"!=\"},{\"field\":\"address_1[city]\",\"value\":\"\",\"operator\":\"!=\"}]},\"datetime_2\":{\"type\":\"all\",\"status\":true,\"conditions\":[{\"field\":\"datetime_1\",\"value\":\"\",\"operator\":\"!=\"}]},\"dropdown\":{\"type\":\"any\",\"status\":true,\"conditions\":[{\"field\":\"datetime_2\",\"value\":\"\",\"operator\":\"!=\"}]},\"dropdown_1\":{\"type\":\"any\",\"status\":true,\"conditions\":[{\"field\":\"dropdown\",\"value\":\"\",\"operator\":\"!=\"}]},\"custom_submit_button-3_1\":{\"type\":\"all\",\"status\":true,\"conditions\":[{\"field\":\"dropdown_1\",\"value\":\"\",\"operator\":\"!=\"}]}}};\n                            <\/script>\n            \n","protected":false},"excerpt":{"rendered":"","protected":false},"author":1,"featured_media":0,"parent":0,"menu_order":0,"comment_status":"closed","ping_status":"closed","template":"","meta":{"_et_pb_use_builder":"off","_et_pb_old_content":"","_et_gb_content_width":"","footnotes":""},"class_list":["post-811","page","type-page","status-publish","hentry"],"_links":{"self":[{"href":"http:\/\/www.sajoecseg.hu\/kozseg\/wp-json\/wp\/v2\/pages\/811","targetHints":{"allow":["GET"]}}],"collection":[{"href":"http:\/\/www.sajoecseg.hu\/kozseg\/wp-json\/wp\/v2\/pages"}],"about":[{"href":"http:\/\/www.sajoecseg.hu\/kozseg\/wp-json\/wp\/v2\/types\/page"}],"author":[{"embeddable":true,"href":"http:\/\/www.sajoecseg.hu\/kozseg\/wp-json\/wp\/v2\/users\/1"}],"replies":[{"embeddable":true,"href":"http:\/\/www.sajoecseg.hu\/kozseg\/wp-json\/wp\/v2\/comments?post=811"}],"version-history":[{"count":11,"href":"http:\/\/www.sajoecseg.hu\/kozseg\/wp-json\/wp\/v2\/pages\/811\/revisions"}],"predecessor-version":[{"id":2199,"href":"http:\/\/www.sajoecseg.hu\/kozseg\/wp-json\/wp\/v2\/pages\/811\/revisions\/2199"}],"wp:attachment":[{"href":"http:\/\/www.sajoecseg.hu\/kozseg\/wp-json\/wp\/v2\/media?parent=811"}],"curies":[{"name":"wp","href":"https:\/\/api.w.org\/{rel}","templated":true}]}}