{"id":649,"date":"2020-06-09T14:05:15","date_gmt":"2020-06-09T14:05:15","guid":{"rendered":"http:\/\/www.sajoecseg.hu\/kozseg\/?page_id=649"},"modified":"2020-06-09T14:05:49","modified_gmt":"2020-06-09T14:05:49","slug":"temeto-ravatalozo","status":"publish","type":"page","link":"http:\/\/www.sajoecseg.hu\/kozseg\/temeto-ravatalozo\/","title":{"rendered":"Saj\u00f3ecsegi temet\u0151"},"content":{"rendered":"<p>[et_pb_section fb_built=&#8221;1&#8243; _builder_version=&#8221;4.4.3&#8243;][et_pb_row column_structure=&#8221;3_5,2_5&#8243; _builder_version=&#8221;4.4.3&#8243;][et_pb_column type=&#8221;3_5&#8243; _builder_version=&#8221;4.4.3&#8243;][et_pb_text _builder_version=&#8221;4.4.3&#8243; custom_padding=&#8221;||0px|||&#8221;]<\/p>\n<h2>Saj\u00f3ecsegi temet\u0151 \u00e9s ravataloz\u00f3<\/h2>\n<p><span size=\"2\" style=\"font-size: small;\"><\/span><\/p>\n<p>[\/et_pb_text][\/et_pb_column][et_pb_column type=&#8221;2_5&#8243; _builder_version=&#8221;4.4.3&#8243;][et_pb_video _builder_version=&#8221;4.4.7&#8243; hover_enabled=&#8221;0&#8243; title_text=&#8221;Temet\u0151 projekt webre&#8221; src_webm=&#8221;http:\/\/www.sajoecseg.hu\/kozseg\/wp-content\/uploads\/2020\/06\/Temet\u0151-projekt-webre.mp4&#8243;][\/et_pb_video][\/et_pb_column][\/et_pb_row][\/et_pb_section]<\/p>\n","protected":false},"excerpt":{"rendered":"<p>Saj\u00f3ecsegi temet\u0151 \u00e9s ravataloz\u00f3<\/p>\n","protected":false},"author":1,"featured_media":0,"parent":0,"menu_order":0,"comment_status":"closed","ping_status":"closed","template":"","meta":{"_et_pb_use_builder":"on","_et_pb_old_content":"","_et_gb_content_width":"","footnotes":""},"class_list":["post-649","page","type-page","status-publish","hentry"],"_links":{"self":[{"href":"http:\/\/www.sajoecseg.hu\/kozseg\/wp-json\/wp\/v2\/pages\/649","targetHints":{"allow":["GET"]}}],"collection":[{"href":"http:\/\/www.sajoecseg.hu\/kozseg\/wp-json\/wp\/v2\/pages"}],"about":[{"href":"http:\/\/www.sajoecseg.hu\/kozseg\/wp-json\/wp\/v2\/types\/page"}],"author":[{"embeddable":true,"href":"http:\/\/www.sajoecseg.hu\/kozseg\/wp-json\/wp\/v2\/users\/1"}],"replies":[{"embeddable":true,"href":"http:\/\/www.sajoecseg.hu\/kozseg\/wp-json\/wp\/v2\/comments?post=649"}],"version-history":[{"count":3,"href":"http:\/\/www.sajoecseg.hu\/kozseg\/wp-json\/wp\/v2\/pages\/649\/revisions"}],"predecessor-version":[{"id":654,"href":"http:\/\/www.sajoecseg.hu\/kozseg\/wp-json\/wp\/v2\/pages\/649\/revisions\/654"}],"wp:attachment":[{"href":"http:\/\/www.sajoecseg.hu\/kozseg\/wp-json\/wp\/v2\/media?parent=649"}],"curies":[{"name":"wp","href":"https:\/\/api.w.org\/{rel}","templated":true}]}}