{"id":635,"date":"2020-05-21T18:02:06","date_gmt":"2020-05-21T18:02:06","guid":{"rendered":"http:\/\/www.sajoecseg.hu\/kozseg\/?page_id=635"},"modified":"2020-05-21T18:02:38","modified_gmt":"2020-05-21T18:02:38","slug":"cop","status":"publish","type":"page","link":"http:\/\/www.sajoecseg.hu\/kozseg\/cop\/","title":{"rendered":"Coop bolt bemutatkoz\u00e1s"},"content":{"rendered":"<p>[et_pb_section fb_built=&#8221;1&#8243; _builder_version=&#8221;4.4.3&#8243;][et_pb_row column_structure=&#8221;3_5,2_5&#8243; _builder_version=&#8221;4.4.3&#8243;][et_pb_column type=&#8221;3_5&#8243; _builder_version=&#8221;4.4.3&#8243;][et_pb_text _builder_version=&#8221;4.4.3&#8243;]<\/p>\n<h2><b><i>Unio Coop Zrt.<\/i><\/b><\/h2>\n<h4><b><i>Unio Coop Zrt. 515. sz\u00e1m\u00fa \u00e9lelmiszerbolt<\/i><\/b><\/h4>\n<p><strong style=\"font-size: 18px; color: #5b5b5b; font-family: 'Times New Roman', Georgia, 'Times New Roman', serif; font-style: italic;\"><em><span size=\"2\">\u00c1llom\u00e1s u. 54.<\/span><\/em><\/strong><\/p>\n<p><strong style=\"font-size: 18px; color: #5b5b5b; font-family: 'Times New Roman', Georgia, 'Times New Roman', serif; font-style: italic;\"><em>Nyitvatart\u00e1s:<\/em><\/strong><\/p>\n<p><span style=\"font-size: small;\">Nyitvatart\u00e1s: H\u00e9tf\u0151t\u0151l p\u00e9ntekig 6:30-17:30<\/span><\/p>\n<p><span size=\"2\" style=\"font-size: small;\">Szombat: 6:30-14:30<\/span><\/p>\n<p><span size=\"2\" style=\"font-size: small;\">Vas\u00e1rnap: 7:00-10:00<\/span><\/p>\n<p>[\/et_pb_text][\/et_pb_column][et_pb_column type=&#8221;2_5&#8243; _builder_version=&#8221;4.4.3&#8243;][et_pb_video src=&#8221;http:\/\/www.sajoecseg.hu\/kozseg\/wp-content\/uploads\/2020\/05\/Coop-bolt.mp4&#8243; _builder_version=&#8221;4.4.7&#8243; title_text=&#8221;Coop bolt&#8221; hover_enabled=&#8221;0&#8243;][\/et_pb_video][\/et_pb_column][\/et_pb_row][\/et_pb_section]<\/p>\n","protected":false},"excerpt":{"rendered":"<p>Unio Coop Zrt. Unio Coop Zrt. 515. sz\u00e1m\u00fa \u00e9lelmiszerbolt \u00c1llom\u00e1s u. 54. Nyitvatart\u00e1s: Nyitvatart\u00e1s: H\u00e9tf\u0151t\u0151l p\u00e9ntekig 6:30-17:30 Szombat: 6:30-14:30 Vas\u00e1rnap: 7:00-10:00<\/p>\n","protected":false},"author":1,"featured_media":0,"parent":0,"menu_order":0,"comment_status":"closed","ping_status":"closed","template":"","meta":{"_et_pb_use_builder":"on","_et_pb_old_content":"","_et_gb_content_width":"","footnotes":""},"class_list":["post-635","page","type-page","status-publish","hentry"],"_links":{"self":[{"href":"http:\/\/www.sajoecseg.hu\/kozseg\/wp-json\/wp\/v2\/pages\/635","targetHints":{"allow":["GET"]}}],"collection":[{"href":"http:\/\/www.sajoecseg.hu\/kozseg\/wp-json\/wp\/v2\/pages"}],"about":[{"href":"http:\/\/www.sajoecseg.hu\/kozseg\/wp-json\/wp\/v2\/types\/page"}],"author":[{"embeddable":true,"href":"http:\/\/www.sajoecseg.hu\/kozseg\/wp-json\/wp\/v2\/users\/1"}],"replies":[{"embeddable":true,"href":"http:\/\/www.sajoecseg.hu\/kozseg\/wp-json\/wp\/v2\/comments?post=635"}],"version-history":[{"count":4,"href":"http:\/\/www.sajoecseg.hu\/kozseg\/wp-json\/wp\/v2\/pages\/635\/revisions"}],"predecessor-version":[{"id":642,"href":"http:\/\/www.sajoecseg.hu\/kozseg\/wp-json\/wp\/v2\/pages\/635\/revisions\/642"}],"wp:attachment":[{"href":"http:\/\/www.sajoecseg.hu\/kozseg\/wp-json\/wp\/v2\/media?parent=635"}],"curies":[{"name":"wp","href":"https:\/\/api.w.org\/{rel}","templated":true}]}}