{"id":385,"date":"2020-04-14T16:24:49","date_gmt":"2020-04-14T16:24:49","guid":{"rendered":"http:\/\/www.sajoecseg.hu\/kozseg\/?page_id=385"},"modified":"2020-04-14T16:35:41","modified_gmt":"2020-04-14T16:35:41","slug":"posta","status":"publish","type":"page","link":"http:\/\/www.sajoecseg.hu\/kozseg\/posta\/","title":{"rendered":"Postahivatal"},"content":{"rendered":"<p>[et_pb_section fb_built=&#8221;1&#8243; _builder_version=&#8221;4.4.3&#8243;][et_pb_row _builder_version=&#8221;4.4.3&#8243; column_structure=&#8221;2_5,3_5&#8243; hover_enabled=&#8221;0&#8243;][et_pb_column _builder_version=&#8221;4.4.3&#8243; type=&#8221;2_5&#8243;][et_pb_image src=&#8221;http:\/\/www.sajoecseg.hu\/kozseg\/wp-content\/uploads\/2020\/04\/slide17.jpg&#8221; _builder_version=&#8221;4.4.3&#8243; hover_enabled=&#8221;0&#8243; custom_margin=&#8221;-31px||60px|8px||&#8221; custom_padding=&#8221;|1px||0px||&#8221; width=&#8221;92.1%&#8221; min_height=&#8221;272px&#8221;][\/et_pb_image][\/et_pb_column][et_pb_column _builder_version=&#8221;4.4.3&#8243; type=&#8221;3_5&#8243;][et_pb_text _builder_version=&#8221;4.4.3&#8243; hover_enabled=&#8221;0&#8243;]<\/p>\n<h1><b><i>Postahivatal<\/i><\/b><\/h1>\n<h4><span style=\"text-decoration: underline; font-size: small;\"><em><strong><span size=\"2\">Sz\u00e9chenyi u. 41.<\/span><\/strong><\/em><\/span><\/h4>\n<p><span style=\"font-size: small;\" size=\"2\">Nyitvatart\u00e1s: H\u00e9tf\u0151t\u0151l p\u00e9ntekig: 8:00-15:30<br \/> Eb\u00e9dsz\u00fcnet: 12:00-12:30<\/span><\/p>\n<p><span style=\"text-decoration: underline; font-size: small;\"><em><b><span size=\"2\">H\u00e9tv\u00e9g\u00e9n z\u00e1rva<\/span><\/b><\/em><\/span><\/p>\n<p>[\/et_pb_text][\/et_pb_column][\/et_pb_row][\/et_pb_section]<\/p>\n","protected":false},"excerpt":{"rendered":"<p>Postahivatal Sz\u00e9chenyi u. 41. Nyitvatart\u00e1s: H\u00e9tf\u0151t\u0151l p\u00e9ntekig: 8:00-15:30 Eb\u00e9dsz\u00fcnet: 12:00-12:30 H\u00e9tv\u00e9g\u00e9n z\u00e1rva<\/p>\n","protected":false},"author":1,"featured_media":0,"parent":0,"menu_order":0,"comment_status":"closed","ping_status":"closed","template":"","meta":{"_et_pb_use_builder":"on","_et_pb_old_content":"","_et_gb_content_width":"","footnotes":""},"class_list":["post-385","page","type-page","status-publish","hentry"],"_links":{"self":[{"href":"http:\/\/www.sajoecseg.hu\/kozseg\/wp-json\/wp\/v2\/pages\/385","targetHints":{"allow":["GET"]}}],"collection":[{"href":"http:\/\/www.sajoecseg.hu\/kozseg\/wp-json\/wp\/v2\/pages"}],"about":[{"href":"http:\/\/www.sajoecseg.hu\/kozseg\/wp-json\/wp\/v2\/types\/page"}],"author":[{"embeddable":true,"href":"http:\/\/www.sajoecseg.hu\/kozseg\/wp-json\/wp\/v2\/users\/1"}],"replies":[{"embeddable":true,"href":"http:\/\/www.sajoecseg.hu\/kozseg\/wp-json\/wp\/v2\/comments?post=385"}],"version-history":[{"count":3,"href":"http:\/\/www.sajoecseg.hu\/kozseg\/wp-json\/wp\/v2\/pages\/385\/revisions"}],"predecessor-version":[{"id":397,"href":"http:\/\/www.sajoecseg.hu\/kozseg\/wp-json\/wp\/v2\/pages\/385\/revisions\/397"}],"wp:attachment":[{"href":"http:\/\/www.sajoecseg.hu\/kozseg\/wp-json\/wp\/v2\/media?parent=385"}],"curies":[{"name":"wp","href":"https:\/\/api.w.org\/{rel}","templated":true}]}}