{"id":375,"date":"2020-04-14T15:37:50","date_gmt":"2020-04-14T15:37:50","guid":{"rendered":"http:\/\/www.sajoecseg.hu\/kozseg\/?page_id=375"},"modified":"2020-04-14T15:41:13","modified_gmt":"2020-04-14T15:41:13","slug":"kozossegi","status":"publish","type":"page","link":"http:\/\/www.sajoecseg.hu\/kozseg\/kozossegi\/","title":{"rendered":"K\u00f6z\u00f6ss\u00e9gi h\u00e1z"},"content":{"rendered":"<p>[et_pb_section fb_built=&#8221;1&#8243; _builder_version=&#8221;4.4.3&#8243;][et_pb_row column_structure=&#8221;3_5,2_5&#8243; _builder_version=&#8221;4.4.3&#8243; width=&#8221;84.6%&#8221; custom_padding=&#8221;||0px|||&#8221;][et_pb_column type=&#8221;3_5&#8243; _builder_version=&#8221;4.4.3&#8243;][et_pb_text _builder_version=&#8221;4.4.3&#8243; custom_padding=&#8221;||5px|||&#8221;]<\/p>\n<h1><strong><em>K\u00f6z\u00f6ss\u00e9gi h\u00e1z \u00e9s k\u00f6nyvt\u00e1r<\/em><\/strong><\/h1>\n<p>Th\u00f6k\u00f6ly u. 5.<\/p>\n<h4><strong><u> K\u00f6z\u00f6ss\u00e9gi H\u00e1z illetve K\u00f6nyvt\u00e1r nyitvatart\u00e1si ideje<\/u><\/strong><\/h4>\n<p>Kedd 14:00-19:00 &#8211; Cs\u00fct\u00f6rt\u00f6k 14:00-19:00 &#8211; Szombat 10:00-12:00<\/p>\n<p>A K\u00f6z\u00f6ss\u00e9gi H\u00e1z befogad\u00f3k\u00e9pess\u00e9ge: max. 100 f\u0151<br \/> Alkalmas esk\u00fcv\u0151k, z\u00e1rt k\u00f6r\u0171 rendezv\u00e9nyek megtart\u00e1s\u00e1ra is.<\/p>\n<h4><span style=\"text-decoration: underline;\"><b> Minden szerd\u00e1n 18 \u00f3r\u00e1t\u00f3l T\u00e1nch\u00e1z<\/b><\/span><\/h4>\n<p>Oktat\u00f3: Orosz L\u00e1szl\u00f3<\/p>\n<p>[\/et_pb_text][\/et_pb_column][et_pb_column type=&#8221;2_5&#8243; _builder_version=&#8221;4.4.3&#8243;][et_pb_image src=&#8221;http:\/\/www.sajoecseg.hu\/kozseg\/wp-content\/uploads\/2020\/04\/slide15.jpg&#8221; _builder_version=&#8221;4.4.3&#8243; width=&#8221;100%&#8221; min_height=&#8221;281px&#8221; custom_margin=&#8221;-30px||0px|8px||&#8221; custom_padding=&#8221;2px||0px|0px||&#8221;][\/et_pb_image][\/et_pb_column][\/et_pb_row][\/et_pb_section]<\/p>\n","protected":false},"excerpt":{"rendered":"<p>K\u00f6z\u00f6ss\u00e9gi h\u00e1z \u00e9s k\u00f6nyvt\u00e1r Th\u00f6k\u00f6ly u. 5. K\u00f6z\u00f6ss\u00e9gi H\u00e1z illetve K\u00f6nyvt\u00e1r nyitvatart\u00e1si ideje Kedd 14:00-19:00 &#8211; Cs\u00fct\u00f6rt\u00f6k 14:00-19:00 &#8211; Szombat 10:00-12:00 A K\u00f6z\u00f6ss\u00e9gi H\u00e1z befogad\u00f3k\u00e9pess\u00e9ge: max. 100 f\u0151 Alkalmas esk\u00fcv\u0151k, z\u00e1rt k\u00f6r\u0171 rendezv\u00e9nyek megtart\u00e1s\u00e1ra is. Minden szerd\u00e1n 18 \u00f3r\u00e1t\u00f3l T\u00e1nch\u00e1z Oktat\u00f3: Orosz L\u00e1szl\u00f3<\/p>\n","protected":false},"author":1,"featured_media":0,"parent":0,"menu_order":0,"comment_status":"closed","ping_status":"closed","template":"","meta":{"_et_pb_use_builder":"on","_et_pb_old_content":"","_et_gb_content_width":"","footnotes":""},"class_list":["post-375","page","type-page","status-publish","hentry"],"_links":{"self":[{"href":"http:\/\/www.sajoecseg.hu\/kozseg\/wp-json\/wp\/v2\/pages\/375","targetHints":{"allow":["GET"]}}],"collection":[{"href":"http:\/\/www.sajoecseg.hu\/kozseg\/wp-json\/wp\/v2\/pages"}],"about":[{"href":"http:\/\/www.sajoecseg.hu\/kozseg\/wp-json\/wp\/v2\/types\/page"}],"author":[{"embeddable":true,"href":"http:\/\/www.sajoecseg.hu\/kozseg\/wp-json\/wp\/v2\/users\/1"}],"replies":[{"embeddable":true,"href":"http:\/\/www.sajoecseg.hu\/kozseg\/wp-json\/wp\/v2\/comments?post=375"}],"version-history":[{"count":4,"href":"http:\/\/www.sajoecseg.hu\/kozseg\/wp-json\/wp\/v2\/pages\/375\/revisions"}],"predecessor-version":[{"id":383,"href":"http:\/\/www.sajoecseg.hu\/kozseg\/wp-json\/wp\/v2\/pages\/375\/revisions\/383"}],"wp:attachment":[{"href":"http:\/\/www.sajoecseg.hu\/kozseg\/wp-json\/wp\/v2\/media?parent=375"}],"curies":[{"name":"wp","href":"https:\/\/api.w.org\/{rel}","templated":true}]}}