{"id":2296,"date":"2024-05-08T09:15:07","date_gmt":"2024-05-08T09:15:07","guid":{"rendered":"https:\/\/www.sajoecseg.hu\/kozseg\/?page_id=2296"},"modified":"2024-05-18T13:31:37","modified_gmt":"2024-05-18T13:31:37","slug":"gyurkoattilabemutatkozas","status":"publish","type":"page","link":"http:\/\/www.sajoecseg.hu\/kozseg\/gyurkoattilabemutatkozas\/","title":{"rendered":"Gyurk\u00f3 Attila bemutatkoz\u00e1sa"},"content":{"rendered":"<p>[et_pb_section fb_built=&#8221;1&#8243; _builder_version=&#8221;4.25.1&#8243; _module_preset=&#8221;default&#8221; global_colors_info=&#8221;{}&#8221;][et_pb_row _builder_version=&#8221;4.25.1&#8243; _module_preset=&#8221;default&#8221; global_colors_info=&#8221;{}&#8221;][et_pb_column type=&#8221;4_4&#8243; _builder_version=&#8221;4.25.1&#8243; _module_preset=&#8221;default&#8221; global_colors_info=&#8221;{}&#8221;][et_pb_heading title=&#8221;Gyurk\u00f3 Attila k\u00e9pvisel\u0151jel\u00f6lt bemutatkoz\u00e1sa&#8221; _builder_version=&#8221;4.25.1&#8243; _module_preset=&#8221;default&#8221; text_shadow_style=&#8221;preset4&#8243; global_colors_info=&#8221;{}&#8221;][\/et_pb_heading][\/et_pb_column][\/et_pb_row][\/et_pb_section][et_pb_section fb_built=&#8221;1&#8243; _builder_version=&#8221;4.25.1&#8243; _module_preset=&#8221;default&#8221; min_height=&#8221;369.6px&#8221; global_colors_info=&#8221;{}&#8221;][et_pb_row column_structure=&#8221;3_4,1_4&#8243; _builder_version=&#8221;4.25.1&#8243; _module_preset=&#8221;default&#8221; min_height=&#8221;291.6px&#8221; custom_padding=&#8221;||0px|||&#8221; global_colors_info=&#8221;{}&#8221;][et_pb_column type=&#8221;3_4&#8243; _builder_version=&#8221;4.25.1&#8243; _module_preset=&#8221;default&#8221; global_colors_info=&#8221;{}&#8221;][et_pb_text _builder_version=&#8221;4.25.1&#8243; _module_preset=&#8221;default&#8221; text_font=&#8221;||on||||||&#8221; text_font_size=&#8221;22px&#8221; text_orientation=&#8221;justified&#8221; global_colors_info=&#8221;{}&#8221;]<\/p>\n<p>Gyurk\u00f3 Attila vagyok, 52 \u00e9ves, saj\u00f3ecsegi lakos. Saj\u00f3ecsegre 2005-ben k\u00f6lt\u00f6ztem, \u00e9s az\u00f3ta \u00e9lek itt csal\u00e1dom k\u00f6r\u00e9ben. \u00c9p\u00edtgettem, sz\u00e9p\u00edtgettem k\u00f6rnyezetemet, m\u00edg a mindennapok neh\u00e9zs\u00e9gei vezettek oda, hogy 2019-ben lakoss\u00e1gi megkeres\u00e9sre k\u00e9pvisel\u0151nek jel\u00f6ltessem magam.<\/p>\n<p>Akkor v\u00e1llaltam, hogy ki\u00e1llok a Saj\u00f3ecseg-Saj\u00f3kereszt\u00far k\u00f6z\u00f6tti \u00fat min\u0151s\u00e9gbeli jav\u00edt\u00e1s\u00e1\u00e9rt, a Saj\u00f3ecseg \u00e9s nagyobb k\u00f6rnyezet\u00e9t is \u00e9rint\u0151 \u201eszaghat\u00e1s\u201d cs\u00f6kkent\u00e9se, megsz\u00fcntet\u00e9se, illetve az internetes weboldal sz\u00ednvonalasabb\u00e1 t\u00e9tele mellett. A legjobb tud\u00e1som szerint <strong><em><u>mindig a szab\u00e1lyoss\u00e1g \u00e9s a t\u00f6rv\u00e9nyess\u00e9g betart\u00e1s\u00e1ra \u00e9s betartat\u00e1s\u00e1ra t\u00f6rekedtem<\/u><\/em><\/strong>.<\/p>\n<p>2019-2024 k\u00f6z\u00f6tt a lakoss\u00e1g bizalm\u00e1t elnyerve pr\u00f3b\u00e1ltam mindent megtenni annak \u00e9rdek\u00e9ben, hogy ki\u00e9rdemeljem a bel\u00e9m fektetett bizalmat. Ez t\u00f6bb k\u00fcls\u0151 k\u00f6r\u00fclm\u00e9ny miatt is, a v\u00e1llalt feladatokban \u00fagy \u00e9rzem siker\u00fclt, m\u00e1s ter\u00fcleten m\u00e9g lehet fejleszteni. T\u00f6bb olyan lehet\u0151s\u00e9g is ad\u00f3dott az 5 \u00e9ves k\u00e9pvisel\u0151i id\u0151szakom alatt, melyet sikerk\u00e9nt k\u00f6nyvelhetek el, vagy \u00e9ppen egy hosszabb t\u00e1vban t\u00f6rt\u00e9n\u0151 gondolkod\u00e1s miatt sz\u00fcks\u00e9ges t\u00f6bb id\u0151t \u00e9s energi\u00e1t fektetni bele.<\/p>\n<p>&nbsp;<\/p>\n<p>[\/et_pb_text][\/et_pb_column][et_pb_column type=&#8221;1_4&#8243; _builder_version=&#8221;4.25.1&#8243; _module_preset=&#8221;default&#8221; global_colors_info=&#8221;{}&#8221;][et_pb_gallery gallery_ids=&#8221;2343&#8243; fullwidth=&#8221;on&#8221; admin_label=&#8221;Gal\u00e9ria&#8221; _builder_version=&#8221;4.25.1&#8243; _module_preset=&#8221;default&#8221; min_height=&#8221;354.6px&#8221; custom_margin=&#8221;||||true|true&#8221; custom_padding=&#8221;61px||61px||true|true&#8221; animation_style=&#8221;fade&#8221; global_colors_info=&#8221;{}&#8221;][\/et_pb_gallery][\/et_pb_column][\/et_pb_row][et_pb_row _builder_version=&#8221;4.25.1&#8243; _module_preset=&#8221;default&#8221; global_colors_info=&#8221;{}&#8221;][et_pb_column type=&#8221;4_4&#8243; _builder_version=&#8221;4.25.1&#8243; _module_preset=&#8221;default&#8221; global_colors_info=&#8221;{}&#8221;][et_pb_text _builder_version=&#8221;4.25.1&#8243; _module_preset=&#8221;default&#8221; text_font=&#8221;&#8211;et_global_body_font||on||||||&#8221; text_font_size=&#8221;22px&#8221; text_orientation=&#8221;justified&#8221; global_colors_info=&#8221;{}&#8221;]<\/p>\n<p>Ez\u00e9rt is k\u00e9rem Saj\u00f3ecseg lakoss\u00e1g\u00e1t, hogy a tervek megval\u00f3s\u00edt\u00e1sa tov\u00e1bbi finom\u00edt\u00e1sa \u00e9rdek\u00e9ben 2024. j\u00fanius 09-\u00e9n szavazzanak r\u00e1m, \u00e9s olyan jel\u00f6ltekre, akik a k\u00f6zs\u00e9g teljes lakoss\u00e1g\u00e1nak megel\u00e9ged\u00e9s\u00e9re akarnak fejl\u0151d\u00e9st l\u00e1tni k\u00f6rnyezet\u00fcnkben.<\/p>\n<p>[\/et_pb_text][\/et_pb_column][\/et_pb_row][\/et_pb_section][et_pb_section fb_built=&#8221;1&#8243; _builder_version=&#8221;4.25.1&#8243; _module_preset=&#8221;default&#8221; global_colors_info=&#8221;{}&#8221;][et_pb_row _builder_version=&#8221;4.25.1&#8243; _module_preset=&#8221;default&#8221; animation_style=&#8221;flip&#8221; animation_direction=&#8221;right&#8221; animation_duration=&#8221;850ms&#8221; animation_intensity_flip=&#8221;0%&#8221; animation_speed_curve=&#8221;ease-in&#8221; hover_transition_delay=&#8221;50ms&#8221; global_colors_info=&#8221;{}&#8221;][et_pb_column type=&#8221;4_4&#8243; _builder_version=&#8221;4.25.1&#8243; _module_preset=&#8221;default&#8221; global_colors_info=&#8221;{}&#8221;][et_pb_slider use_bg_overlay=&#8221;off&#8221; use_text_overlay=&#8221;off&#8221; _builder_version=&#8221;4.25.1&#8243; _module_preset=&#8221;default&#8221; auto=&#8221;on&#8221; auto_speed=&#8221;10000&#8243; auto_ignore_hover=&#8221;on&#8221; global_colors_info=&#8221;{}&#8221;][et_pb_slide heading=&#8221;G\u00e1t fel\u00faj\u00edt\u00e1sa&#8221; image=&#8221;http:\/\/www.sajoecseg.hu\/kozseg\/wp-content\/uploads\/2022\/03\/013.jpg&#8221; _builder_version=&#8221;4.25.1&#8243; _module_preset=&#8221;default&#8221; global_colors_info=&#8221;{}&#8221; sticky_transition=&#8221;on&#8221;]<\/p>\n<p>Jelenlegi g\u00e1t olyan szint\u0171 fel\u00faj\u00edt\u00e1sa, hogy ott j\u00f3 min\u0151s\u00e9gben, kultur\u00e1lt k\u00f6rnyezetben lehessen a szabadid\u0151t elt\u00f6lteni, ker\u00e9kp\u00e1rozni, s\u00e9t\u00e1lni, futni.<\/p>\n<p>[\/et_pb_slide][et_pb_slide heading=&#8221;Iskola \u00e9p\u00fclete&#8221; image=&#8221;http:\/\/www.sajoecseg.hu\/kozseg\/wp-content\/uploads\/2024\/05\/Iskola.jpg&#8221; _builder_version=&#8221;4.25.1&#8243; _module_preset=&#8221;default&#8221; global_colors_info=&#8221;{}&#8221; sticky_transition=&#8221;on&#8221;]<\/p>\n<p>A jelenleg m\u00e9g sz\u0171k\u00f6s keretek k\u00f6z\u00f6tt kiakn\u00e1zott \u201eIskola\u201d \u00e9p\u00fclet\u00e9t kihaszn\u00e1lva, \u00e9s lakoss\u00e1gi \u00f6sszefog\u00e1sban m\u00e1r elindult konditerem, k\u00f6z\u00f6ss\u00e9gi t\u00e9r, sportol\u00e1sra, rendezv\u00e9nyek tart\u00e1s\u00e1ra alkalmas ter\u00fcletek kialak\u00edt\u00e1sa.<\/p>\n<p>[\/et_pb_slide][et_pb_slide heading=&#8221;Egyh\u00e1z&#8221; image=&#8221;http:\/\/www.sajoecseg.hu\/kozseg\/wp-content\/uploads\/2024\/05\/Egyhaz.png&#8221; _builder_version=&#8221;4.25.1&#8243; _module_preset=&#8221;default&#8221; box_shadow_style_image=&#8221;preset2&#8243; global_colors_info=&#8221;{}&#8221; sticky_transition=&#8221;on&#8221;]<\/p>\n<p>Az egyh\u00e1zakkal szorosabb kapcsolat kialak\u00edt\u00e1sa. Fiatalok megsz\u00f3l\u00edt\u00e1sa. Pl: TIREK IFI<\/p>\n<p>[\/et_pb_slide][et_pb_slide heading=&#8221;Szolg\u00e1ltat\u00f3 h\u00e1z&#8221; image=&#8221;http:\/\/www.sajoecseg.hu\/kozseg\/wp-content\/uploads\/2024\/05\/Szolgaltato-haz.png&#8221; _builder_version=&#8221;4.25.1&#8243; _module_preset=&#8221;default&#8221; global_colors_info=&#8221;{}&#8221; sticky_transition=&#8221;on&#8221;]<\/p>\n<p>Szolg\u00e1ltat\u00f3h\u00e1z, \u00f6nkorm\u00e1nyzati \u00e9p\u00fcletek hasznos\u00edt\u00e1sa, mely bev\u00e9teleib\u0151l azok fejleszt\u00e9se, sz\u00e9p\u00edt\u00e9se val\u00f3sulhatna meg.<\/p>\n<p>[\/et_pb_slide][et_pb_slide heading=&#8221;Digitaliz\u00e1ci\u00f3&#8221; image=&#8221;http:\/\/www.sajoecseg.hu\/kozseg\/wp-content\/uploads\/2024\/05\/Digitalizacio.png&#8221; _builder_version=&#8221;4.25.1&#8243; _module_preset=&#8221;default&#8221; global_colors_info=&#8221;{}&#8221; sticky_transition=&#8221;on&#8221;]<\/p>\n<p>Elektronikus \u00fcgyint\u00e9z\u00e9s fejleszt\u00e9se, digit\u00e1lis lehet\u0151s\u00e9gek bevezet\u00e9se (pl.: k\u00e9pt\u00e1r, \u0171rlapok, elektronikus iratkezel\u00e9s, tesztek, j\u00e1t\u00e9kok meghirdet\u00e9se, stb\u2026)<\/p>\n<p>[\/et_pb_slide][et_pb_slide heading=&#8221;K\u00f6z\u00f6ss\u00e9g&#8221; image=&#8221;http:\/\/www.sajoecseg.hu\/kozseg\/wp-content\/uploads\/2020\/04\/slide3.jpg&#8221; _builder_version=&#8221;4.25.1&#8243; _module_preset=&#8221;default&#8221; global_colors_info=&#8221;{}&#8221; sticky_transition=&#8221;on&#8221;]<\/p>\n<p>Eg\u00e9szs\u00e9ges mennyis\u00e9gben, \u00e9s a lakoss\u00e1g priv\u00e1t szf\u00e9r\u00e1j\u00e1t is figyelembe v\u00e9ve k\u00f6z\u00f6ss\u00e9gi rendezv\u00e9nyek megszervez\u00e9s\u00e9nek t\u00e1mogat\u00e1sa.<\/p>\n<p>[\/et_pb_slide][et_pb_slide heading=&#8221;H\u00edrlev\u00e9l&#8221; image=&#8221;http:\/\/www.sajoecseg.hu\/kozseg\/wp-content\/uploads\/2024\/05\/Hirlevel.png&#8221; _builder_version=&#8221;4.25.1&#8243; _module_preset=&#8221;default&#8221; global_colors_info=&#8221;{}&#8221; sticky_transition=&#8221;on&#8221;]<\/p>\n<p>Saj\u00f3ecsegi H\u00edrlev\u00e9l min\u0151s\u00e9gi jav\u00edt\u00e1sa, a H\u00edrlev\u00e9l elektronikus v\u00e1ltozat\u00e1nak kialak\u00edt\u00e1sa, managel\u00e9se.<\/p>\n<p>[\/et_pb_slide][et_pb_slide heading=&#8221;F\u0151t\u00e9r&#8221; image=&#8221;http:\/\/www.sajoecseg.hu\/kozseg\/wp-content\/uploads\/2020\/04\/slide11.jpg&#8221; _builder_version=&#8221;4.25.1&#8243; _module_preset=&#8221;default&#8221; global_colors_info=&#8221;{}&#8221; sticky_transition=&#8221;on&#8221;]<\/p>\n<p>A \u201eF\u0151t\u00e9r\u201d k\u00f6rny\u00e9k\u00e9re a napjainkban nagy divatot k\u00e9pvisel\u0151 k\u00f6zs\u00e9gn\u00e9v felirat kialak\u00edt\u00e1sa lakoss\u00e1gi ig\u00e9nyeket, javaslatokat figyelembe v\u00e9ve.<\/p>\n<p>[\/et_pb_slide][et_pb_slide heading=&#8221;K\u00f6z\u00f6ss\u00e9gi t\u00e9r&#8221; image=&#8221;http:\/\/www.sajoecseg.hu\/kozseg\/wp-content\/uploads\/2020\/04\/slide12.jpg&#8221; _builder_version=&#8221;4.25.1&#8243; _module_preset=&#8221;default&#8221; global_colors_info=&#8221;{}&#8221; sticky_transition=&#8221;on&#8221;]<\/p>\n<p>A k\u00f6z\u00f6ss\u00e9gi t\u00e9r felfejleszt\u00e9se, komfortosabb\u00e1, szebb\u00e9, k\u00f6zpontosabb\u00e1 t\u00e9tele.<\/p>\n<p>[\/et_pb_slide][et_pb_slide heading=&#8221;Lakoss\u00e1g l\u00e9tsz\u00e1m n\u00f6vel\u00e9s&#8221; _builder_version=&#8221;4.25.1&#8243; _module_preset=&#8221;default&#8221; global_colors_info=&#8221;{}&#8221; sticky_transition=&#8221;on&#8221;]<\/p>\n<p>\u00daj telkek kialak\u00edt\u00e1sa, a k\u00f6zs\u00e9g\u00fcnkben letelepedni v\u00e1gy\u00f3k r\u00e9sz\u00e9re vonz\u00f3 felt\u00e9telek kialak\u00edt\u00e1sa.<\/p>\n<p>[\/et_pb_slide][et_pb_slide heading=&#8221;Fejleszt\u00e9s&#8221; _builder_version=&#8221;4.25.1&#8243; _module_preset=&#8221;default&#8221; global_colors_info=&#8221;{}&#8221; sticky_transition=&#8221;on&#8221;]<\/p>\n<p>A jelenleg j\u00f3l kialakult szolg\u00e1ltat\u00e1sok (k\u00f6z\u00f6ss\u00e9gi programok, t\u00e1mogat\u00e1sok, \u00fcgyint\u00e9z\u00e9sek, stb\u2026) fejleszt\u00e9se, \u00faj lehet\u0151s\u00e9gek felt\u00e9rk\u00e9pez\u00e9se.<\/p>\n<p>[\/et_pb_slide][et_pb_slide heading=&#8221;P\u00e1ly\u00e1zatok&#8221; _builder_version=&#8221;4.25.1&#8243; _module_preset=&#8221;default&#8221; global_colors_info=&#8221;{}&#8221; sticky_transition=&#8221;on&#8221;]<\/p>\n<p>P\u00e1ly\u00e1zatok felkutat\u00e1sa, az abban rejl\u0151 lehet\u0151s\u00e9gek maxim\u00e1lis kihaszn\u00e1l\u00e1sa.<\/p>\n<p>[\/et_pb_slide][et_pb_slide heading=&#8221;Kapcsolat&#8221; image=&#8221;http:\/\/www.sajoecseg.hu\/kozseg\/wp-content\/uploads\/2024\/05\/Kapcsolat.png&#8221; _builder_version=&#8221;4.25.1&#8243; _module_preset=&#8221;default&#8221; global_colors_info=&#8221;{}&#8221; sticky_transition=&#8221;on&#8221;]<\/p>\n<p>A k\u00f6rny\u00e9kbeli telep\u00fcl\u00e9sekkel a megfelel\u0151 kapcsolat helyre\u00e1ll\u00edt\u00e1s\u00e1ban val\u00f3 szerves r\u00e9szv\u00e9tel.<\/p>\n<p>[\/et_pb_slide][\/et_pb_slider][\/et_pb_column][\/et_pb_row][\/et_pb_section][et_pb_section fb_built=&#8221;1&#8243; _builder_version=&#8221;4.25.1&#8243; _module_preset=&#8221;default&#8221; global_colors_info=&#8221;{}&#8221;][et_pb_row _builder_version=&#8221;4.25.1&#8243; _module_preset=&#8221;default&#8221; global_colors_info=&#8221;{}&#8221;][et_pb_column type=&#8221;4_4&#8243; _builder_version=&#8221;4.25.1&#8243; _module_preset=&#8221;default&#8221; global_colors_info=&#8221;{}&#8221;][et_pb_text _builder_version=&#8221;4.25.1&#8243; _module_preset=&#8221;default&#8221; text_font=&#8221;Times New Roman||on||||||&#8221; text_font_size=&#8221;20px&#8221; global_colors_info=&#8221;{}&#8221;]<\/p>\n<p style=\"text-align: justify;\">Azt szokt\u00e1k mondani \u00edg\u00e9rni k\u00f6nnyen lehet \u00e9s b\u00e1rki tud. Viszont \u201eszeg\u00e9ny\u201d, aki ezt nem teszi meg. Elk\u00e9pzel\u00e9seimet, gondolataimat eddig sem tartottam magamban, de sajnos f\u0151leg technikai akad\u00e1lyok miatt nem minden val\u00f3sulhatott meg. Terveim megval\u00f3s\u00edt\u00e1s\u00e1ban \u2013 megv\u00e1laszt\u00e1som eset\u00e9n \u2013 mindenk\u00e9ppen szeretn\u00e9m, ha szervesen r\u00e9szt tudna venni a lakoss\u00e1g, illetve a helyi v\u00e1llalkoz\u00f3i k\u00f6z\u00f6ss\u00e9g. Mindenkit\u0151l a maga adta lehet\u0151s\u00e9geihez m\u00e9rten gondolatban, \u00f6tletekkel, vagy fizikailag, er\u0151ben-p\u00e9nzben k\u00e9rn\u00e9m majd a test\u00fclettel egyetemben a t\u00e1mogat\u00e1st.<\/p>\n<p style=\"text-align: justify;\">Csapatban szeretek dolgozni, \u00e9s ezt v\u00e1rtam el 2019-2024-es id\u0151szakban is. Szeretn\u00e9m, ha Saj\u00f3ecseget egy olyan k\u00e9pvisel\u0151 test\u00fclet ir\u00e1ny\u00edtan\u00e1, amely a Polg\u00e1rmesterrel K\u00d6Z\u00d6SEN v\u00e1llvetve tudja majd elmondani 2029-ben, hogy:<\/p>\n<p>[\/et_pb_text][\/et_pb_column][\/et_pb_row][\/et_pb_section][et_pb_section fb_built=&#8221;1&#8243; _builder_version=&#8221;4.25.1&#8243; _module_preset=&#8221;default&#8221; global_colors_info=&#8221;{}&#8221;][et_pb_row column_structure=&#8221;1_5,3_5,1_5&#8243; _builder_version=&#8221;4.25.1&#8243; _module_preset=&#8221;default&#8221; global_colors_info=&#8221;{}&#8221;][et_pb_column type=&#8221;1_5&#8243; _builder_version=&#8221;4.25.1&#8243; _module_preset=&#8221;default&#8221; global_colors_info=&#8221;{}&#8221;][\/et_pb_column][et_pb_column type=&#8221;3_5&#8243; _builder_version=&#8221;4.25.1&#8243; _module_preset=&#8221;default&#8221; global_colors_info=&#8221;{}&#8221;][et_pb_text _builder_version=&#8221;4.25.1&#8243; _module_preset=&#8221;default&#8221; text_font=&#8221;Times New Roman||on||||||&#8221; text_text_color=&#8221;#0C71C3&#8243; text_font_size=&#8221;35px&#8221; text_letter_spacing=&#8221;1px&#8221; text_line_height=&#8221;1.8em&#8221; global_colors_info=&#8221;{}&#8221;]<\/p>\n<p style=\"text-align: center;\"><strong>Igen,<br \/>Saj\u00f3ecseg \u00fajra sz\u00e9p lett,<br \/>m\u00e9lt\u00f3 r\u00e9gi nagy h\u00edr\u00e9hez.<\/strong><\/p>\n<p>[\/et_pb_text][\/et_pb_column][et_pb_column type=&#8221;1_5&#8243; _builder_version=&#8221;4.25.1&#8243; _module_preset=&#8221;default&#8221; global_colors_info=&#8221;{}&#8221;][\/et_pb_column][\/et_pb_row][\/et_pb_section][et_pb_section fb_built=&#8221;1&#8243; _builder_version=&#8221;4.25.1&#8243; _module_preset=&#8221;default&#8221; global_colors_info=&#8221;{}&#8221;][et_pb_row _builder_version=&#8221;4.25.1&#8243; _module_preset=&#8221;default&#8221; global_colors_info=&#8221;{}&#8221;][et_pb_column type=&#8221;4_4&#8243; _builder_version=&#8221;4.25.1&#8243; _module_preset=&#8221;default&#8221; global_colors_info=&#8221;{}&#8221;][et_pb_text _builder_version=&#8221;4.25.1&#8243; _module_preset=&#8221;default&#8221; text_font=&#8221;Times New Roman||on||||||&#8221; text_font_size=&#8221;20px&#8221; global_colors_info=&#8221;{}&#8221;]<\/p>\n<p><strong>Ez\u00e9rt is k\u00e9rem, hogy 2024. j\u00fanius 9.-\u00e9n mindenki menjen el szavazni, \u00e9s mondja el v\u00e9lem\u00e9ny\u00e9t. Ha a gondolataimmal pedig egyet\u00e9rt, akkor a szavaz\u00f3lapot az al\u00e1bbiak szerint t\u00f6ltse ki:<\/strong><\/p>\n<p>[\/et_pb_text][\/et_pb_column][\/et_pb_row][\/et_pb_section][et_pb_section fb_built=&#8221;1&#8243; _builder_version=&#8221;4.25.1&#8243; _module_preset=&#8221;default&#8221; global_colors_info=&#8221;{}&#8221;][et_pb_row column_structure=&#8221;1_3,1_3,1_3&#8243; _builder_version=&#8221;4.25.1&#8243; _module_preset=&#8221;default&#8221; global_colors_info=&#8221;{}&#8221;][et_pb_column type=&#8221;1_3&#8243; _builder_version=&#8221;4.25.1&#8243; _module_preset=&#8221;default&#8221; global_colors_info=&#8221;{}&#8221;][et_pb_text _builder_version=&#8221;4.25.1&#8243; _module_preset=&#8221;default&#8221; text_font=&#8221;Times New Roman||on|on|||||&#8221; text_text_color=&#8221;#0C71C3&#8243; text_font_size=&#8221;23px&#8221; text_text_shadow_style=&#8221;preset1&#8243; global_colors_info=&#8221;{}&#8221;]<\/p>\n<p>&nbsp;<\/p>\n<p>\u00a010. \u00a0\u00a0\u00a0\u00a0 Gyurk\u00f3 Attila<\/p>\n<p>[\/et_pb_text][\/et_pb_column][et_pb_column type=&#8221;1_3&#8243; _builder_version=&#8221;4.25.1&#8243; _module_preset=&#8221;default&#8221; global_colors_info=&#8221;{}&#8221;][et_pb_gallery gallery_ids=&#8221;2372&#8243; fullwidth=&#8221;on&#8221; _builder_version=&#8221;4.25.1&#8243; _module_preset=&#8221;default&#8221; width=&#8221;50%&#8221; max_width=&#8221;50%&#8221; global_colors_info=&#8221;{}&#8221;][\/et_pb_gallery][\/et_pb_column][et_pb_column type=&#8221;1_3&#8243; _builder_version=&#8221;4.25.1&#8243; _module_preset=&#8221;default&#8221; global_colors_info=&#8221;{}&#8221;][et_pb_text _builder_version=&#8221;4.25.1&#8243; _module_preset=&#8221;default&#8221; text_font=&#8221;Times New Roman||on|on|||||&#8221; text_text_color=&#8221;#0C71C3&#8243; text_font_size=&#8221;23px&#8221; global_colors_info=&#8221;{}&#8221;]<\/p>\n<p>&nbsp;<\/p>\n<p>\u00a0f\u00fcggetlen k\u00e9pvisel\u0151<\/p>\n<p>[\/et_pb_text][\/et_pb_column][\/et_pb_row][\/et_pb_section][et_pb_section fb_built=&#8221;1&#8243; _builder_version=&#8221;4.25.1&#8243; _module_preset=&#8221;default&#8221; global_colors_info=&#8221;{}&#8221;][et_pb_row _builder_version=&#8221;4.25.1&#8243; _module_preset=&#8221;default&#8221; global_colors_info=&#8221;{}&#8221;][et_pb_column type=&#8221;4_4&#8243; _builder_version=&#8221;4.25.1&#8243; _module_preset=&#8221;default&#8221; global_colors_info=&#8221;{}&#8221;][et_pb_text _builder_version=&#8221;4.25.1&#8243; _module_preset=&#8221;default&#8221; text_font=&#8221;||on|on|||||&#8221; text_font_size=&#8221;22px&#8221; text_orientation=&#8221;center&#8221; text_text_shadow_style=&#8221;preset4&#8243; global_colors_info=&#8221;{}&#8221;]<\/p>\n<p>Minden egyes szavazatot el\u0151re is k\u00f6sz\u00f6n\u00f6k!<\/p>\n<p>[\/et_pb_text][\/et_pb_column][\/et_pb_row][\/et_pb_section]<\/p>\n","protected":false},"excerpt":{"rendered":"<p>Gyurk\u00f3 Attila vagyok, 52 \u00e9ves, saj\u00f3ecsegi lakos. Saj\u00f3ecsegre 2005-ben k\u00f6lt\u00f6ztem, \u00e9s az\u00f3ta \u00e9lek itt csal\u00e1dom k\u00f6r\u00e9ben. \u00c9p\u00edtgettem, sz\u00e9p\u00edtgettem k\u00f6rnyezetemet, m\u00edg a mindennapok neh\u00e9zs\u00e9gei vezettek oda, hogy 2019-ben lakoss\u00e1gi megkeres\u00e9sre k\u00e9pvisel\u0151nek jel\u00f6ltessem magam. Akkor v\u00e1llaltam, hogy ki\u00e1llok a Saj\u00f3ecseg-Saj\u00f3kereszt\u00far k\u00f6z\u00f6tti \u00fat min\u0151s\u00e9gbeli jav\u00edt\u00e1s\u00e1\u00e9rt, a Saj\u00f3ecseg \u00e9s nagyobb k\u00f6rnyezet\u00e9t is \u00e9rint\u0151 \u201eszaghat\u00e1s\u201d cs\u00f6kkent\u00e9se, megsz\u00fcntet\u00e9se, illetve az internetes [&hellip;]<\/p>\n","protected":false},"author":1,"featured_media":0,"parent":0,"menu_order":0,"comment_status":"closed","ping_status":"closed","template":"","meta":{"_et_pb_use_builder":"on","_et_pb_old_content":"<p>[et_pb_section admin_label=\"section\"]<br \/>[et_pb_row admin_label=\"row\"]<br \/>[et_pb_column type=\"4_4\"][et_pb_text admin_label=\"Text\"]A k\u00e9rt men\u00fc ponthoz tartoz\u00f3 tartalom fejleszt\u00e9s alatt van. K\u00e9rem l\u00e1togasson vissza k\u00e9s\u0151bb a tartalom megtekint\u00e9se \u00e9rdek\u00e9ben.[\/et_pb_text][\/et_pb_column]<br \/>[\/et_pb_row]<br \/>[\/et_pb_section]<\/p>","_et_gb_content_width":"","footnotes":""},"class_list":["post-2296","page","type-page","status-publish","hentry"],"_links":{"self":[{"href":"http:\/\/www.sajoecseg.hu\/kozseg\/wp-json\/wp\/v2\/pages\/2296","targetHints":{"allow":["GET"]}}],"collection":[{"href":"http:\/\/www.sajoecseg.hu\/kozseg\/wp-json\/wp\/v2\/pages"}],"about":[{"href":"http:\/\/www.sajoecseg.hu\/kozseg\/wp-json\/wp\/v2\/types\/page"}],"author":[{"embeddable":true,"href":"http:\/\/www.sajoecseg.hu\/kozseg\/wp-json\/wp\/v2\/users\/1"}],"replies":[{"embeddable":true,"href":"http:\/\/www.sajoecseg.hu\/kozseg\/wp-json\/wp\/v2\/comments?post=2296"}],"version-history":[{"count":32,"href":"http:\/\/www.sajoecseg.hu\/kozseg\/wp-json\/wp\/v2\/pages\/2296\/revisions"}],"predecessor-version":[{"id":2399,"href":"http:\/\/www.sajoecseg.hu\/kozseg\/wp-json\/wp\/v2\/pages\/2296\/revisions\/2399"}],"wp:attachment":[{"href":"http:\/\/www.sajoecseg.hu\/kozseg\/wp-json\/wp\/v2\/media?parent=2296"}],"curies":[{"name":"wp","href":"https:\/\/api.w.org\/{rel}","templated":true}]}}