{"id":2053,"date":"2022-02-25T20:17:23","date_gmt":"2022-02-25T20:17:23","guid":{"rendered":"https:\/\/www.sajoecseg.hu\/kozseg\/?page_id=2053"},"modified":"2022-02-25T20:17:23","modified_gmt":"2022-02-25T20:17:23","slug":"hirlevel-jelentkezes","status":"publish","type":"page","link":"http:\/\/www.sajoecseg.hu\/kozseg\/hirlevel-jelentkezes\/","title":{"rendered":"H\u00edrlev\u00e9l jelentkez\u00e9s"},"content":{"rendered":"<div class='fluentform ff-default fluentform_wrapper_1 ffs_default_wrap'><form data-form_id=\"1\" id=\"fluentform_1\" class=\"frm-fluent-form fluent_form_1 ff-el-form-top ff_form_instance_1_1 ff-form-loading ffs_default\" data-form_instance=\"ff_form_instance_1_1\" method=\"POST\" ><fieldset  style=\"border: none!important;margin: 0!important;padding: 0!important;background-color: transparent!important;box-shadow: none!important;outline: none!important; min-inline-size: 100%;\">\n                    <legend class=\"ff_screen_reader_title\" style=\"display: block; margin: 0!important;padding: 0!important;height: 0!important;text-indent: -999999px;width: 0!important;overflow:hidden;\">Levelez\u0151 lista jelentkez\u00e9s<\/legend><input type='hidden' name='__fluent_form_embded_post_id' value='2053' \/><input type=\"hidden\" id=\"_fluentform_1_fluentformnonce\" name=\"_fluentform_1_fluentformnonce\" value=\"2d9e95b2b0\" \/><input type=\"hidden\" name=\"_wp_http_referer\" value=\"\/kozseg\/wp-json\/wp\/v2\/pages\/2053\" \/><div data-type=\"name-element\" data-name=\"names\" class=\" ff-field_container ff-name-field-wrapper\" ><div class='ff-t-container'><div class='ff-t-cell '><div class='ff-el-group'><div class=\"ff-el-input--label ff-el-is-required asterisk-right\"><label for='ff_1_names_first_name_' id='label_ff_1_names_first_name_' >Vezet\u00e9kn\u00e9v<\/label><\/div><div class='ff-el-input--content'><input type=\"text\" name=\"names[first_name]\" id=\"ff_1_names_first_name_\" class=\"ff-el-form-control\" aria-invalid=\"false\" aria-required=true><\/div><\/div><\/div><div class='ff-t-cell '><div class='ff-el-group'><div class=\"ff-el-input--label asterisk-right\"><label for='ff_1_names_last_name_' id='label_ff_1_names_last_name_' >Keresztn\u00e9v<\/label><\/div><div class='ff-el-input--content'><input type=\"text\" name=\"names[last_name]\" id=\"ff_1_names_last_name_\" class=\"ff-el-form-control\" aria-invalid=\"false\" aria-required=false><\/div><\/div><\/div><\/div><\/div><div class='ff-el-group'><div class=\"ff-el-input--label ff-el-is-required asterisk-right\"><label for='ff_1_email' id='label_ff_1_email' aria-label=\"Email c\u00edm\">Email c\u00edm<\/label><\/div><div class='ff-el-input--content'><input type=\"email\" name=\"email\" id=\"ff_1_email\" class=\"ff-el-form-control\" placeholder=\"you@domain.com\" data-name=\"email\"  aria-invalid=\"false\" aria-required=true><\/div><\/div><div class='ff-el-group    ff-el-input--content'><div class='ff-el-form-check ff-el-tc'><label aria-label='Az adataimat a levelez\u0151list\u00e1ra val\u00f3 jelentkez\u00e9s v\u00e9gett a weboldal kezelheti.' class='ff-el-form-check-label ff_tc_label' for=gdpr-agreement_be830798d03a437116eed3ea7487d934><span class='ff_tc_checkbox'><input type=\"checkbox\" name=\"gdpr-agreement\" class=\"ff-el-form-check-input ff_gdpr_field\" data-name=\"gdpr-agreement\" id=\"gdpr-agreement_be830798d03a437116eed3ea7487d934\"  value='on' aria-invalid='false' aria-required=true><\/span> <div class='ff_t_c'>Az adataimat a levelez\u0151list\u00e1ra val\u00f3 jelentkez\u00e9s v\u00e9gett a weboldal kezelheti.<\/div><\/label><\/div><\/div><div class='ff-el-group ff-text-right ff_submit_btn_wrapper'><button type=\"submit\" class=\"ff-btn ff-btn-submit ff-btn-md ff_btn_style\"  aria-label=\"Jelentkez\u00e9s\">Jelentkez\u00e9s<\/button><\/div><\/fieldset><\/form><div id='fluentform_1_errors' class='ff-errors-in-stack ff_form_instance_1_1 ff-form-loading_errors ff_form_instance_1_1_errors'><\/div><\/div>            <script type=\"text\/javascript\">\n                window.fluent_form_ff_form_instance_1_1 = {\"id\":\"1\",\"ajaxUrl\":\"http:\\\/\\\/www.sajoecseg.hu\\\/kozseg\\\/wp-admin\\\/admin-ajax.php\",\"settings\":{\"layout\":{\"labelPlacement\":\"top\",\"helpMessagePlacement\":\"with_label\",\"errorMessagePlacement\":\"inline\"},\"restrictions\":{\"denyEmptySubmission\":{\"enabled\":false}}},\"form_instance\":\"ff_form_instance_1_1\",\"form_id_selector\":\"fluentform_1\",\"rules\":{\"names[first_name]\":{\"required\":{\"value\":true,\"message\":\"First Name field is required\"}},\"names[middle_name]\":{\"required\":{\"value\":false,\"message\":\"This field is required\"}},\"names[last_name]\":{\"required\":{\"value\":false,\"message\":\"This field is required\"}},\"email\":{\"required\":{\"value\":true,\"message\":\"Email field is required\"},\"email\":{\"value\":true,\"message\":\"This field must contain a valid email\"}},\"gdpr-agreement\":{\"required\":{\"value\":true,\"message\":\"K\\u00e9rem a feliratkoz\\u00e1st meger\\u0151s\\u00edteni.\"}}},\"debounce_time\":300};\n                            <\/script>\n            \n","protected":false},"excerpt":{"rendered":"","protected":false},"author":1,"featured_media":0,"parent":0,"menu_order":0,"comment_status":"closed","ping_status":"closed","template":"","meta":{"_et_pb_use_builder":"","_et_pb_old_content":"","_et_gb_content_width":"","footnotes":""},"class_list":["post-2053","page","type-page","status-publish","hentry"],"_links":{"self":[{"href":"http:\/\/www.sajoecseg.hu\/kozseg\/wp-json\/wp\/v2\/pages\/2053","targetHints":{"allow":["GET"]}}],"collection":[{"href":"http:\/\/www.sajoecseg.hu\/kozseg\/wp-json\/wp\/v2\/pages"}],"about":[{"href":"http:\/\/www.sajoecseg.hu\/kozseg\/wp-json\/wp\/v2\/types\/page"}],"author":[{"embeddable":true,"href":"http:\/\/www.sajoecseg.hu\/kozseg\/wp-json\/wp\/v2\/users\/1"}],"replies":[{"embeddable":true,"href":"http:\/\/www.sajoecseg.hu\/kozseg\/wp-json\/wp\/v2\/comments?post=2053"}],"version-history":[{"count":1,"href":"http:\/\/www.sajoecseg.hu\/kozseg\/wp-json\/wp\/v2\/pages\/2053\/revisions"}],"predecessor-version":[{"id":2054,"href":"http:\/\/www.sajoecseg.hu\/kozseg\/wp-json\/wp\/v2\/pages\/2053\/revisions\/2054"}],"wp:attachment":[{"href":"http:\/\/www.sajoecseg.hu\/kozseg\/wp-json\/wp\/v2\/media?parent=2053"}],"curies":[{"name":"wp","href":"https:\/\/api.w.org\/{rel}","templated":true}]}}