{"id":126,"date":"2020-04-12T06:30:22","date_gmt":"2020-04-12T06:30:22","guid":{"rendered":"http:\/\/www.sajoecseg.hu\/kozseg\/?page_id=126"},"modified":"2020-04-13T14:35:12","modified_gmt":"2020-04-13T14:35:12","slug":"fekvese","status":"publish","type":"page","link":"http:\/\/www.sajoecseg.hu\/kozseg\/fekvese\/","title":{"rendered":"Fekv\u00e9se"},"content":{"rendered":"<p>[et_pb_section fb_built=&#8221;1&#8243; _builder_version=&#8221;4.4.3&#8243; custom_padding=&#8221;0px|||||&#8221;][et_pb_row _builder_version=&#8221;3.25&#8243; background_size=&#8221;initial&#8221; background_position=&#8221;top_left&#8221; background_repeat=&#8221;repeat&#8221; custom_padding=&#8221;0px|||||&#8221; custom_margin=&#8221;|252px||auto||&#8221;][et_pb_column type=&#8221;4_4&#8243; _builder_version=&#8221;3.25&#8243; custom_padding=&#8221;|||&#8221; custom_padding__hover=&#8221;|||&#8221;][et_pb_text _builder_version=&#8221;4.4.3&#8243; hover_enabled=&#8221;0&#8243;]<\/p>\n<h1>Fekv\u00e9se<\/h1>\n<p>[\/et_pb_text][et_pb_text _builder_version=&#8221;3.27.4&#8243; background_size=&#8221;initial&#8221; background_position=&#8221;top_left&#8221; background_repeat=&#8221;repeat&#8221;]<!-- divi:paragraph --><\/p>\n<p><em>A Miskolc\u2013B\u00e1nr\u00e9ve\u2013\u00d3zd vas\u00fatvonalb\u00f3l itt \u00e1gazik ki a Miskolc\u2013Tornan\u00e1daska vas\u00fatvonal. Boldva k\u00f6zs\u00e9g ir\u00e1ny\u00e1ba k\u00f6z\u00fati \u00e9s vas\u00fati Saj\u00f3-h\u00edd biztos\u00edtja a telep\u00fcl\u00e9s \u00f6sszek\u00f6ttet\u00e9s\u00e9t.<\/em><\/p>\n<p><!-- \/divi:paragraph --><!-- divi:paragraph --><\/p>\n<p><em>A telep\u00fcl\u00e9st d\u00e9lr\u0151l a &#8211; Saj\u00f3b\u00e1bonyi egykori \u00c9szak-Magyarorsz\u00e1gi Vegyim\u0171vek k\u00f6zel\u00e9b\u0151l \u00e9rkez\u0151 &#8211; B\u00e1bony-patak hat\u00e1rolja, amely nyugati ir\u00e1nyb\u00f3l ugyancsak a falu ter\u00fclet\u00e9n \u00f6mlik a Saj\u00f3ba.<\/em><\/p>\n<p><!-- \/divi:paragraph --><!-- divi:image {\"id\":21} --><\/p>\n<figure class=\"wp-block-image\"><img loading=\"lazy\" decoding=\"async\" src=\"http:\/\/www.sajoecseg.hu\/kozseg\/wp-content\/uploads\/2020\/04\/Ashampoo_Snap_2020.-\u00e1prilis-7.-kedd_05h55m43s_001_.png\" alt=\"\" class=\"wp-image-21\" style=\"display: block; margin-left: auto; margin-right: auto;\" width=\"638\" height=\"640\" srcset=\"http:\/\/www.sajoecseg.hu\/kozseg\/wp-content\/uploads\/2020\/04\/Ashampoo_Snap_2020.-\u00e1prilis-7.-kedd_05h55m43s_001_.png 760w, http:\/\/www.sajoecseg.hu\/kozseg\/wp-content\/uploads\/2020\/04\/Ashampoo_Snap_2020.-\u00e1prilis-7.-kedd_05h55m43s_001_-300x300.png 300w, http:\/\/www.sajoecseg.hu\/kozseg\/wp-content\/uploads\/2020\/04\/Ashampoo_Snap_2020.-\u00e1prilis-7.-kedd_05h55m43s_001_-150x150.png 150w, http:\/\/www.sajoecseg.hu\/kozseg\/wp-content\/uploads\/2020\/04\/Ashampoo_Snap_2020.-\u00e1prilis-7.-kedd_05h55m43s_001_-200x200.png 200w\" sizes=\"(max-width: 638px) 100vw, 638px\" \/><\/figure>\n<p><!-- \/divi:image --><!-- divi:paragraph --><\/p>\n<p><em>Legk\u00f6zelebbi telep\u00fcl\u00e9sek: Saj\u00f3szentp\u00e9ter (7 km), Saj\u00f3b\u00e1bony (3 km), Saj\u00f3kereszt\u00far (4 km); a Saj\u00f3 t\u00falpartj\u00e1n Boldva (3 km) \u00e9s Saj\u00f3senye (7 km).<\/em><\/p>\n<p><em><\/em><\/p>\n<p><!-- \/divi:paragraph -->[\/et_pb_text][\/et_pb_column][\/et_pb_row][et_pb_row _builder_version=&#8221;4.4.3&#8243;][et_pb_column _builder_version=&#8221;4.4.3&#8243; type=&#8221;4_4&#8243;][\/et_pb_column][\/et_pb_row][\/et_pb_section]<\/p>\n","protected":false},"excerpt":{"rendered":"<p>Fekv\u00e9se A Miskolc\u2013B\u00e1nr\u00e9ve\u2013\u00d3zd vas\u00fatvonalb\u00f3l itt \u00e1gazik ki a Miskolc\u2013Tornan\u00e1daska vas\u00fatvonal. Boldva k\u00f6zs\u00e9g ir\u00e1ny\u00e1ba k\u00f6z\u00fati \u00e9s vas\u00fati Saj\u00f3-h\u00edd biztos\u00edtja a telep\u00fcl\u00e9s \u00f6sszek\u00f6ttet\u00e9s\u00e9t. A telep\u00fcl\u00e9st d\u00e9lr\u0151l a &#8211; Saj\u00f3b\u00e1bonyi egykori \u00c9szak-Magyarorsz\u00e1gi Vegyim\u0171vek k\u00f6zel\u00e9b\u0151l \u00e9rkez\u0151 &#8211; B\u00e1bony-patak hat\u00e1rolja, amely nyugati ir\u00e1nyb\u00f3l ugyancsak a falu ter\u00fclet\u00e9n \u00f6mlik a Saj\u00f3ba. Legk\u00f6zelebbi telep\u00fcl\u00e9sek: Saj\u00f3szentp\u00e9ter (7 km), Saj\u00f3b\u00e1bony (3 km), Saj\u00f3kereszt\u00far (4 [&hellip;]<\/p>\n","protected":false},"author":1,"featured_media":0,"parent":0,"menu_order":0,"comment_status":"closed","ping_status":"closed","template":"","meta":{"_et_pb_use_builder":"on","_et_pb_old_content":"<!-- wp:paragraph -->\n<p><em>A Miskolc\u2013B\u00e1nr\u00e9ve\u2013\u00d3zd vas\u00fatvonalb\u00f3l itt \u00e1gazik ki a Miskolc\u2013Tornan\u00e1daska vas\u00fatvonal. Boldva k\u00f6zs\u00e9g ir\u00e1ny\u00e1ba k\u00f6z\u00fati \u00e9s vas\u00fati Saj\u00f3-h\u00edd biztos\u00edtja a telep\u00fcl\u00e9s \u00f6sszek\u00f6ttet\u00e9s\u00e9t.<\/em><\/p>\n<!-- \/wp:paragraph -->\n\n<!-- wp:paragraph -->\n<p><em>A telep\u00fcl\u00e9st d\u00e9lr\u0151l a - Saj\u00f3b\u00e1bonyi egykori \u00c9szak-Magyarorsz\u00e1gi Vegyim\u0171vek k\u00f6zel\u00e9b\u0151l \u00e9rkez\u0151 - B\u00e1bony-patak hat\u00e1rolja, amely nyugati ir\u00e1nyb\u00f3l ugyancsak a falu ter\u00fclet\u00e9n \u00f6mlik a Saj\u00f3ba.<\/em><\/p>\n<!-- \/wp:paragraph -->\n\n<!-- wp:image {\"id\":21} -->\n<figure class=\"wp-block-image\"><img src=\"http:\/\/www.sajoecseg.hu\/kozseg\/wp-content\/uploads\/2020\/04\/Ashampoo_Snap_2020.-\u00e1prilis-7.-kedd_05h55m43s_001_.png\" alt=\"\" class=\"wp-image-21\"\/><\/figure>\n<!-- \/wp:image -->\n\n<!-- wp:paragraph -->\n<p><em>Legk\u00f6zelebbi telep\u00fcl\u00e9sek: Saj\u00f3szentp\u00e9ter (7 km), Saj\u00f3b\u00e1bony (3 km), Saj\u00f3kereszt\u00far (4 km); a Saj\u00f3 t\u00falpartj\u00e1n Boldva (3 km) \u00e9s Saj\u00f3senye (7 km).<\/em><\/p>\n<!-- \/wp:paragraph -->","_et_gb_content_width":"","footnotes":""},"class_list":["post-126","page","type-page","status-publish","hentry"],"_links":{"self":[{"href":"http:\/\/www.sajoecseg.hu\/kozseg\/wp-json\/wp\/v2\/pages\/126","targetHints":{"allow":["GET"]}}],"collection":[{"href":"http:\/\/www.sajoecseg.hu\/kozseg\/wp-json\/wp\/v2\/pages"}],"about":[{"href":"http:\/\/www.sajoecseg.hu\/kozseg\/wp-json\/wp\/v2\/types\/page"}],"author":[{"embeddable":true,"href":"http:\/\/www.sajoecseg.hu\/kozseg\/wp-json\/wp\/v2\/users\/1"}],"replies":[{"embeddable":true,"href":"http:\/\/www.sajoecseg.hu\/kozseg\/wp-json\/wp\/v2\/comments?post=126"}],"version-history":[{"count":6,"href":"http:\/\/www.sajoecseg.hu\/kozseg\/wp-json\/wp\/v2\/pages\/126\/revisions"}],"predecessor-version":[{"id":285,"href":"http:\/\/www.sajoecseg.hu\/kozseg\/wp-json\/wp\/v2\/pages\/126\/revisions\/285"}],"wp:attachment":[{"href":"http:\/\/www.sajoecseg.hu\/kozseg\/wp-json\/wp\/v2\/media?parent=126"}],"curies":[{"name":"wp","href":"https:\/\/api.w.org\/{rel}","templated":true}]}}